{"id":994,"date":"2021-07-06T09:58:16","date_gmt":"2021-07-06T08:58:16","guid":{"rendered":"http:\/\/ctfis-acores.org\/wordpress\/?page_id=994"},"modified":"2021-07-06T09:59:23","modified_gmt":"2021-07-06T08:59:23","slug":"ana-sofia-andrade","status":"publish","type":"page","link":"http:\/\/ctfis-acores.org\/wordpress\/?page_id=994","title":{"rendered":"Ana Sofia Andrade"},"content":{"rendered":"\t\t<div data-elementor-type=\"wp-page\" data-elementor-id=\"994\" class=\"elementor elementor-994\">\n\t\t\t\t\t\t\t\t\t<section class=\"elementor-section elementor-top-section elementor-element elementor-element-a11ce11 elementor-section-boxed elementor-section-height-default elementor-section-height-default\" data-id=\"a11ce11\" data-element_type=\"section\">\n\t\t\t\t\t\t<div class=\"elementor-container elementor-column-gap-default\">\n\t\t\t\t\t<div class=\"elementor-column elementor-col-100 elementor-top-column elementor-element elementor-element-18f4266\" data-id=\"18f4266\" data-element_type=\"column\">\n\t\t\t<div class=\"elementor-widget-wrap elementor-element-populated\">\n\t\t\t\t\t\t\t\t<div class=\"elementor-element elementor-element-301fb31 elementor-widget elementor-widget-image\" data-id=\"301fb31\" data-element_type=\"widget\" data-widget_type=\"image.default\">\n\t\t\t\t<div class=\"elementor-widget-container\">\n\t\t\t\t\t\t\t\t\t\t\t\t\t\t\t<img loading=\"lazy\" decoding=\"async\" width=\"224\" height=\"300\" src=\"http:\/\/ctfis-acores.org\/wordpress\/wp-content\/uploads\/2021\/07\/Foto-CV-224x300.jpg\" class=\"attachment-medium size-medium\" alt=\"\" srcset=\"http:\/\/ctfis-acores.org\/wordpress\/wp-content\/uploads\/2021\/07\/Foto-CV-224x300.jpg 224w, http:\/\/ctfis-acores.org\/wordpress\/wp-content\/uploads\/2021\/07\/Foto-CV-765x1024.jpg 765w, http:\/\/ctfis-acores.org\/wordpress\/wp-content\/uploads\/2021\/07\/Foto-CV-768x1028.jpg 768w, http:\/\/ctfis-acores.org\/wordpress\/wp-content\/uploads\/2021\/07\/Foto-CV-1147x1536.jpg 1147w, http:\/\/ctfis-acores.org\/wordpress\/wp-content\/uploads\/2021\/07\/Foto-CV-1530x2048.jpg 1530w, http:\/\/ctfis-acores.org\/wordpress\/wp-content\/uploads\/2021\/07\/Foto-CV-scaled.jpg 1912w\" sizes=\"(max-width: 224px) 100vw, 224px\" \/>\t\t\t\t\t\t\t\t\t\t\t\t\t\t\t<\/div>\n\t\t\t\t<\/div>\n\t\t\t\t\t<\/div>\n\t\t<\/div>\n\t\t\t\t\t\t\t<\/div>\n\t\t<\/section>\n\t\t\t\t<section class=\"elementor-section elementor-top-section elementor-element elementor-element-1989 elementor-section-boxed elementor-section-height-default elementor-section-height-default\" data-id=\"1989\" data-element_type=\"section\">\n\t\t\t\t\t\t<div class=\"elementor-container elementor-column-gap-default\">\n\t\t\t\t\t<div class=\"elementor-column elementor-col-100 elementor-top-column elementor-element elementor-element-7e4a\" data-id=\"7e4a\" data-element_type=\"column\">\n\t\t\t<div class=\"elementor-widget-wrap elementor-element-populated\">\n\t\t\t\t\t\t\t\t<div class=\"elementor-element elementor-element-779 elementor-widget elementor-widget-text-editor\" data-id=\"779\" data-element_type=\"widget\" data-widget_type=\"text-editor.default\">\n\t\t\t\t<div class=\"elementor-widget-container\">\n\t\t\t\t\t\t\t<!-- wp:paragraph -->\n<p>Em 2012 termina a sua forma\u00e7\u00e3o em Servi\u00e7o Social na Universidade dos A\u00e7ores, realizando o seu est\u00e1gio curricular no Centro de Terapia Familiar e Interven\u00e7\u00e3o Sist\u00e9mica. Durante a licenciatura, em 2010, por tr\u00eas meses, realizou voluntariado na Associa\u00e7\u00e3o de Pais e Amigos das Crian\u00e7as Deficientes do Arquip\u00e9lago dos A\u00e7ores.<\/p>\n<!-- \/wp:paragraph -->\n\n<!-- wp:paragraph -->\n<p>Inicia a sua atividade laboral em Espanha, no ano de 2012, atrav\u00e9s do Programa Eurodisseia, no Proyecto Tr\u00e8vol. Entre 2013\/2014, realizou o Programa Estagiar L no Centro de Sa\u00fade da Povoa\u00e7\u00e3o.<\/p>\n<!-- \/wp:paragraph -->\n\n<!-- wp:paragraph -->\n<p>Em 2014, atualizou os seus estudos com a P\u00f3s-Gradua\u00e7\u00e3o em Sa\u00fade Familiar, na Universidade dos A\u00e7ores.<\/p>\n<!-- \/wp:paragraph -->\n\n<!-- wp:paragraph -->\n<p>Em 2016 desempenhou fun\u00e7\u00f5es de Assistente Social, durante tr\u00eas anos, na Escola B\u00e1sica Integrada de Arrifes.<\/p>\n<!-- \/wp:paragraph -->\n\n<!-- wp:paragraph -->\n<p>Em 2016\/2017 realiza a P\u00f3s-Gradua\u00e7\u00e3o em Media\u00e7\u00e3o de Conflitos com Especializa\u00e7\u00e3o em Media\u00e7\u00e3o Familiar.<\/p>\n<!-- \/wp:paragraph -->\n\n<!-- wp:paragraph -->\n<p>Em 2019 integra no Centro de Terapia Familiar e Interven\u00e7\u00e3o Sist\u00e9mica, na Equipa de Integra\u00e7\u00e3o Familiar, exercendo atualmente fun\u00e7\u00f5es como t\u00e9cnica da Equipa do Ponto de Encontro Familiar.<\/p>\n<!-- \/wp:paragraph -->\t\t\t\t\t\t<\/div>\n\t\t\t\t<\/div>\n\t\t\t\t\t<\/div>\n\t\t<\/div>\n\t\t\t\t\t\t\t<\/div>\n\t\t<\/section>\n\t\t\t\t\t\t\t<\/div>\n\t\t","protected":false},"excerpt":{"rendered":"<p>Em 2012 termina a sua forma\u00e7\u00e3o em Servi\u00e7o Social na Universidade dos A\u00e7ores, realizando o seu est\u00e1gio curricular no Centro de Terapia Familiar e Interven\u00e7\u00e3o Sist\u00e9mica. Durante a licenciatura, em 2010, por tr\u00eas meses, realizou voluntariado na Associa\u00e7\u00e3o de Pais e Amigos das Crian\u00e7as Deficientes do Arquip\u00e9lago dos A\u00e7ores. Inicia a sua atividade laboral em [&hellip;]<\/p>\n","protected":false},"author":3,"featured_media":0,"parent":0,"menu_order":0,"comment_status":"closed","ping_status":"closed","template":"","meta":{"footnotes":""},"_links":{"self":[{"href":"http:\/\/ctfis-acores.org\/wordpress\/index.php?rest_route=\/wp\/v2\/pages\/994"}],"collection":[{"href":"http:\/\/ctfis-acores.org\/wordpress\/index.php?rest_route=\/wp\/v2\/pages"}],"about":[{"href":"http:\/\/ctfis-acores.org\/wordpress\/index.php?rest_route=\/wp\/v2\/types\/page"}],"author":[{"embeddable":true,"href":"http:\/\/ctfis-acores.org\/wordpress\/index.php?rest_route=\/wp\/v2\/users\/3"}],"replies":[{"embeddable":true,"href":"http:\/\/ctfis-acores.org\/wordpress\/index.php?rest_route=%2Fwp%2Fv2%2Fcomments&post=994"}],"version-history":[{"count":4,"href":"http:\/\/ctfis-acores.org\/wordpress\/index.php?rest_route=\/wp\/v2\/pages\/994\/revisions"}],"predecessor-version":[{"id":999,"href":"http:\/\/ctfis-acores.org\/wordpress\/index.php?rest_route=\/wp\/v2\/pages\/994\/revisions\/999"}],"wp:attachment":[{"href":"http:\/\/ctfis-acores.org\/wordpress\/index.php?rest_route=%2Fwp%2Fv2%2Fmedia&parent=994"}],"curies":[{"name":"wp","href":"https:\/\/api.w.org\/{rel}","templated":true}]}}