{"id":958,"date":"2021-06-28T15:25:35","date_gmt":"2021-06-28T14:25:35","guid":{"rendered":"http:\/\/ctfis-acores.org\/wordpress\/?page_id=958"},"modified":"2021-06-28T15:26:58","modified_gmt":"2021-06-28T14:26:58","slug":"sandra-carvalho","status":"publish","type":"page","link":"http:\/\/ctfis-acores.org\/wordpress\/?page_id=958","title":{"rendered":"Sandra Carvalho"},"content":{"rendered":"\t\t<div data-elementor-type=\"wp-page\" data-elementor-id=\"958\" class=\"elementor elementor-958\">\n\t\t\t\t\t\t\t\t\t<section class=\"elementor-section elementor-top-section elementor-element elementor-element-007fa65 elementor-section-boxed elementor-section-height-default elementor-section-height-default\" data-id=\"007fa65\" data-element_type=\"section\">\n\t\t\t\t\t\t<div class=\"elementor-container elementor-column-gap-default\">\n\t\t\t\t\t<div class=\"elementor-column elementor-col-100 elementor-top-column elementor-element elementor-element-5789439\" data-id=\"5789439\" data-element_type=\"column\">\n\t\t\t<div class=\"elementor-widget-wrap elementor-element-populated\">\n\t\t\t\t\t\t\t\t<div class=\"elementor-element elementor-element-0bf5bcb elementor-widget elementor-widget-image\" data-id=\"0bf5bcb\" data-element_type=\"widget\" data-widget_type=\"image.default\">\n\t\t\t\t<div class=\"elementor-widget-container\">\n\t\t\t\t\t\t\t\t\t\t\t\t\t\t\t<img loading=\"lazy\" decoding=\"async\" width=\"225\" height=\"300\" src=\"http:\/\/ctfis-acores.org\/wordpress\/wp-content\/uploads\/2021\/06\/20210601_083423-2-225x300.jpg\" class=\"attachment-medium size-medium\" alt=\"\" srcset=\"http:\/\/ctfis-acores.org\/wordpress\/wp-content\/uploads\/2021\/06\/20210601_083423-2-225x300.jpg 225w, http:\/\/ctfis-acores.org\/wordpress\/wp-content\/uploads\/2021\/06\/20210601_083423-2-768x1024.jpg 768w, http:\/\/ctfis-acores.org\/wordpress\/wp-content\/uploads\/2021\/06\/20210601_083423-2-1152x1536.jpg 1152w, http:\/\/ctfis-acores.org\/wordpress\/wp-content\/uploads\/2021\/06\/20210601_083423-2-1536x2048.jpg 1536w, http:\/\/ctfis-acores.org\/wordpress\/wp-content\/uploads\/2021\/06\/20210601_083423-2-scaled.jpg 1920w\" sizes=\"(max-width: 225px) 100vw, 225px\" \/>\t\t\t\t\t\t\t\t\t\t\t\t\t\t\t<\/div>\n\t\t\t\t<\/div>\n\t\t\t\t\t<\/div>\n\t\t<\/div>\n\t\t\t\t\t\t\t<\/div>\n\t\t<\/section>\n\t\t\t\t<section class=\"elementor-section elementor-top-section elementor-element elementor-element-197e elementor-section-boxed elementor-section-height-default elementor-section-height-default\" data-id=\"197e\" data-element_type=\"section\">\n\t\t\t\t\t\t<div class=\"elementor-container elementor-column-gap-default\">\n\t\t\t\t\t<div class=\"elementor-column elementor-col-100 elementor-top-column elementor-element elementor-element-68bf\" data-id=\"68bf\" data-element_type=\"column\">\n\t\t\t<div class=\"elementor-widget-wrap elementor-element-populated\">\n\t\t\t\t\t\t\t\t<div class=\"elementor-element elementor-element-17cc elementor-widget elementor-widget-text-editor\" data-id=\"17cc\" data-element_type=\"widget\" data-widget_type=\"text-editor.default\">\n\t\t\t\t<div class=\"elementor-widget-container\">\n\t\t\t\t\t\t\t<!-- wp:image -->\n<figure class=\"wp-block-image\"><img alt=\"\" \/><\/figure>\n<!-- \/wp:image --><!-- wp:paragraph -->\n<p>Iniciou o seu trabalho em IPSS&#8217;s em 1996 e permanecendo h\u00e1 25 anos, sempre com fun\u00e7\u00f5es na \u00e1rea administrativa;<\/p>\n<!-- \/wp:paragraph --><!-- wp:paragraph -->\n<p>Em 2009 iniciou a sua forma\u00e7\u00e3o superior no Curso de Gest\u00e3o, na Universidade dos A\u00e7ores, terminando a mesma em 2016, obtendo o grau de licenciada em Gest\u00e3o;<\/p>\n<p>Em 2016 aprofundou conhecimentos fazendo forma\u00e7\u00e3o em Gest\u00e3o de IPSS\u00b4s e Entidades Equiparadas;<\/p>\n<!-- \/wp:paragraph --><!-- wp:paragraph -->\n<p>Formadora e explicadora desde 2017;<\/p>\n<!-- \/wp:paragraph --><!-- wp:paragraph -->\n<p>Em Setembro de 2020 iniciou fun\u00e7\u00f5es no Centro de Terapia Familiar e Interven\u00e7\u00e3o Sist\u00e9mica, onde se encontra a desempenhar fun\u00e7\u00f5es de Gestora da IPSS.<\/p>\n<!-- \/wp:paragraph -->\t\t\t\t\t\t<\/div>\n\t\t\t\t<\/div>\n\t\t\t\t\t<\/div>\n\t\t<\/div>\n\t\t\t\t\t\t\t<\/div>\n\t\t<\/section>\n\t\t\t\t\t\t\t<\/div>\n\t\t","protected":false},"excerpt":{"rendered":"<p>Iniciou o seu trabalho em IPSS&#8217;s em 1996 e permanecendo h\u00e1 25 anos, sempre com fun\u00e7\u00f5es na \u00e1rea administrativa; Em 2009 iniciou a sua forma\u00e7\u00e3o superior no Curso de Gest\u00e3o, na Universidade dos A\u00e7ores, terminando a mesma em 2016, obtendo o grau de licenciada em Gest\u00e3o; Em 2016 aprofundou conhecimentos fazendo forma\u00e7\u00e3o em Gest\u00e3o de [&hellip;]<\/p>\n","protected":false},"author":3,"featured_media":0,"parent":0,"menu_order":0,"comment_status":"closed","ping_status":"closed","template":"","meta":{"footnotes":""},"_links":{"self":[{"href":"http:\/\/ctfis-acores.org\/wordpress\/index.php?rest_route=\/wp\/v2\/pages\/958"}],"collection":[{"href":"http:\/\/ctfis-acores.org\/wordpress\/index.php?rest_route=\/wp\/v2\/pages"}],"about":[{"href":"http:\/\/ctfis-acores.org\/wordpress\/index.php?rest_route=\/wp\/v2\/types\/page"}],"author":[{"embeddable":true,"href":"http:\/\/ctfis-acores.org\/wordpress\/index.php?rest_route=\/wp\/v2\/users\/3"}],"replies":[{"embeddable":true,"href":"http:\/\/ctfis-acores.org\/wordpress\/index.php?rest_route=%2Fwp%2Fv2%2Fcomments&post=958"}],"version-history":[{"count":4,"href":"http:\/\/ctfis-acores.org\/wordpress\/index.php?rest_route=\/wp\/v2\/pages\/958\/revisions"}],"predecessor-version":[{"id":965,"href":"http:\/\/ctfis-acores.org\/wordpress\/index.php?rest_route=\/wp\/v2\/pages\/958\/revisions\/965"}],"wp:attachment":[{"href":"http:\/\/ctfis-acores.org\/wordpress\/index.php?rest_route=%2Fwp%2Fv2%2Fmedia&parent=958"}],"curies":[{"name":"wp","href":"https:\/\/api.w.org\/{rel}","templated":true}]}}