{"id":770,"date":"2018-02-09T13:25:18","date_gmt":"2018-02-09T13:25:18","guid":{"rendered":"http:\/\/ctfis-acores.org\/wordpress\/?page_id=770"},"modified":"2019-08-07T12:19:49","modified_gmt":"2019-08-07T11:19:49","slug":"impacto","status":"publish","type":"page","link":"http:\/\/ctfis-acores.org\/wordpress\/?page_id=770","title":{"rendered":"IMPACTO"},"content":{"rendered":"<p>O Programa IMPACTO traduz a implementa\u00e7\u00e3o de uma estrat\u00e9gia regional que visa combater as consequ\u00eancias\u00a0 do impacto da viol\u00eancia conjugal sobre crian\u00e7as e jovens.\u00a0Traduz-se\u00a0 na cria\u00e7\u00e3o de um contexto de interven\u00e7\u00e3o que contempla uma\u00a0fase inicial de avalia\u00e7\u00e3o e implementa\u00e7\u00e3o de uma estrat\u00e9gia de seguran\u00e7a, seguindo-se um\u00a0processo terap\u00eautico\u00a0 que compreende uma ac\u00e7\u00e3o individual sobre a crian\u00e7a, sobre a progenitora vitima, um contexto de interven\u00e7\u00e3o grupal com\u00a0 os descendentes em grupo e, finalmente, tamb\u00e9m \u00a0com os pais de forma associada.<\/p>\n<p>O Programa inclui um tempo de interven\u00e7\u00e3o\u00a0 familiar especifico e tamb\u00e9m uma \u00a0interven\u00e7\u00e3o de suporte a profissionais.<\/p>\n<p>A iniciativa nasce de um processo de colabora\u00e7\u00e3o entre \u00a0a Unidad de Investigacion en Intervencion y Cuidado Familiar da Universidade da Corunha, \u00a0a Funda\u00e7\u00e3o Meninos, sediada igualmente em Espanha, o CTFIS\u00a0 e a Santa Casa \u00a0da Miseric\u00f3rdia da Praia da Vit\u00f3ria.<\/p>\n<p>Clique na imagem para fazer\u00a0download do programa:<\/p>\n<p><a href=\"http:\/\/ctfis-acores.org\/wordpress\/wp-content\/uploads\/2019\/08\/guia.zip\"><img loading=\"lazy\" decoding=\"async\" class=\"alignnone wp-image-821 size-medium\" src=\"http:\/\/ctfis-acores.org\/wordpress\/wp-content\/uploads\/2018\/02\/unnamed-file-213x300.jpg\" alt=\"!!!!\" width=\"213\" height=\"300\" srcset=\"http:\/\/ctfis-acores.org\/wordpress\/wp-content\/uploads\/2018\/02\/unnamed-file-213x300.jpg 213w, http:\/\/ctfis-acores.org\/wordpress\/wp-content\/uploads\/2018\/02\/unnamed-file-768x1083.jpg 768w, http:\/\/ctfis-acores.org\/wordpress\/wp-content\/uploads\/2018\/02\/unnamed-file-726x1024.jpg 726w, http:\/\/ctfis-acores.org\/wordpress\/wp-content\/uploads\/2018\/02\/unnamed-file.jpg 1648w\" sizes=\"(max-width: 213px) 100vw, 213px\" \/><\/a><\/p>\n<hr \/>\n<p>Estruturas Coordenadoras do Programa \u2013 Direc\u00e7\u00e3o Regional da Solidariedade Social \u2013 Governo dos A\u00e7ores;<\/p>\n<p>Estrutura co-gestora do Programa \u2013 Centro de Terapia Familiar e Interven\u00e7\u00e3o Sist\u00e9mica;<\/p>\n<p>Estruturas colaboradoras \u2013 \u00a0Santa Casa da Miseric\u00f3rdia da Praia da Vit\u00f3ria.<\/p>\n","protected":false},"excerpt":{"rendered":"<p>O Programa IMPACTO traduz a implementa\u00e7\u00e3o de uma estrat\u00e9gia regional que visa combater as consequ\u00eancias\u00a0 do impacto da viol\u00eancia conjugal sobre crian\u00e7as e jovens.\u00a0Traduz-se\u00a0 na cria\u00e7\u00e3o de um contexto de interven\u00e7\u00e3o que contempla uma\u00a0fase inicial de avalia\u00e7\u00e3o e implementa\u00e7\u00e3o de uma estrat\u00e9gia de seguran\u00e7a, seguindo-se um\u00a0processo terap\u00eautico\u00a0 que compreende uma ac\u00e7\u00e3o individual sobre a crian\u00e7a, [&hellip;]<\/p>\n","protected":false},"author":3,"featured_media":0,"parent":0,"menu_order":0,"comment_status":"closed","ping_status":"closed","template":"","meta":{"footnotes":""},"_links":{"self":[{"href":"http:\/\/ctfis-acores.org\/wordpress\/index.php?rest_route=\/wp\/v2\/pages\/770"}],"collection":[{"href":"http:\/\/ctfis-acores.org\/wordpress\/index.php?rest_route=\/wp\/v2\/pages"}],"about":[{"href":"http:\/\/ctfis-acores.org\/wordpress\/index.php?rest_route=\/wp\/v2\/types\/page"}],"author":[{"embeddable":true,"href":"http:\/\/ctfis-acores.org\/wordpress\/index.php?rest_route=\/wp\/v2\/users\/3"}],"replies":[{"embeddable":true,"href":"http:\/\/ctfis-acores.org\/wordpress\/index.php?rest_route=%2Fwp%2Fv2%2Fcomments&post=770"}],"version-history":[{"count":6,"href":"http:\/\/ctfis-acores.org\/wordpress\/index.php?rest_route=\/wp\/v2\/pages\/770\/revisions"}],"predecessor-version":[{"id":834,"href":"http:\/\/ctfis-acores.org\/wordpress\/index.php?rest_route=\/wp\/v2\/pages\/770\/revisions\/834"}],"wp:attachment":[{"href":"http:\/\/ctfis-acores.org\/wordpress\/index.php?rest_route=%2Fwp%2Fv2%2Fmedia&parent=770"}],"curies":[{"name":"wp","href":"https:\/\/api.w.org\/{rel}","templated":true}]}}