{"id":766,"date":"2018-02-09T13:15:12","date_gmt":"2018-02-09T13:15:12","guid":{"rendered":"http:\/\/ctfis-acores.org\/wordpress\/?page_id=766"},"modified":"2018-02-09T13:27:06","modified_gmt":"2018-02-09T13:27:06","slug":"conecta","status":"publish","type":"page","link":"http:\/\/ctfis-acores.org\/wordpress\/?page_id=766","title":{"rendered":"CONECTA"},"content":{"rendered":"<p>O <strong>Programa CONECTA<\/strong>\u00a0 visa\u00a0 efectivar um combate socio-terap\u00eautico \u00e0 problem\u00e1tica da viol\u00eancia filio-parental. Pretende\u00a0 promover com as fam\u00edlias um exerc\u00edcio positivo dos papeis parentais, ganhando estas \u00a0compet\u00eancias e habilidades para exercer adequadamente a\u00a0 sua fun\u00e7\u00e3o protectora, educativa e socializadora. \u00c9\u00a0implementado atrav\u00e9s das seguintes estrat\u00e9gias:<\/p>\n<ul>\n<li>Entrevistas de interven\u00e7\u00e3o terap\u00eautica;<\/li>\n<li>Cria\u00e7\u00e3o de grupos de apoio e assessoria\u00a0 com pais e m\u00e3es;<\/li>\n<li>Sess\u00f5es de orienta\u00e7\u00e3o e interven\u00e7\u00e3o individual com os adolescentes;<\/li>\n<li>Sess\u00f5es grupais com adolescentes de orienta\u00e7\u00e3o, refor\u00e7o e auto apoio;<\/li>\n<li>Sess\u00f5es de orienta\u00e7\u00e3o e\u00a0 media\u00e7\u00e3o entre fam\u00edlias, adolescentes e estruturas escolares;<\/li>\n<\/ul>\n<p>O Programa assume igualmente a realiza\u00e7\u00e3o de entrevistas com os profissionais da \u00e1rea da educa\u00e7\u00e3o para desenhar estrat\u00e9gias que facilitem\u00a0 a integra\u00e7\u00e3o escolar dos adolescentes intervencionados pelo CONECTA;<\/p>\n<p>A iniciativa, \u201cadotada\u201d nos A\u00e7ores pelo CTFIS, nasceu de um processo de colabora\u00e7\u00e3o entre a Unidad de Investigacion en Intervencion y Cuidado Familiar da Universidade da Corunha e a Funda\u00e7\u00e3o Meninos, sediada igualmente em Espanha.<\/p>\n<hr \/>\n<p>Estruturas Coordenadoras do Programa \u2013 Direc\u00e7\u00e3o Regional da Solidariedade Social \u2013 Governo dos A\u00e7ores;<\/p>\n<p>Estrutura co-gestora do Programa \u2013 Centro de Terapia Familiar e Interven\u00e7\u00e3o Sist\u00e9mica;<\/p>\n<p>Estruturas colaboradoras \u2013 estabelecimentos de ensino\u00a0 sediados nas ilhas de S. Miguel e Terceira e Santa Casa da Miseric\u00f3rdia da Praia da Vit\u00f3ria.<\/p>\n","protected":false},"excerpt":{"rendered":"<p>O Programa CONECTA\u00a0 visa\u00a0 efectivar um combate socio-terap\u00eautico \u00e0 problem\u00e1tica da viol\u00eancia filio-parental. Pretende\u00a0 promover com as fam\u00edlias um exerc\u00edcio positivo dos papeis parentais, ganhando estas \u00a0compet\u00eancias e habilidades para exercer adequadamente a\u00a0 sua fun\u00e7\u00e3o protectora, educativa e socializadora. \u00c9\u00a0implementado atrav\u00e9s das seguintes estrat\u00e9gias: Entrevistas de interven\u00e7\u00e3o terap\u00eautica; Cria\u00e7\u00e3o de grupos de apoio e assessoria\u00a0 [&hellip;]<\/p>\n","protected":false},"author":3,"featured_media":0,"parent":0,"menu_order":0,"comment_status":"closed","ping_status":"closed","template":"","meta":{"footnotes":""},"_links":{"self":[{"href":"http:\/\/ctfis-acores.org\/wordpress\/index.php?rest_route=\/wp\/v2\/pages\/766"}],"collection":[{"href":"http:\/\/ctfis-acores.org\/wordpress\/index.php?rest_route=\/wp\/v2\/pages"}],"about":[{"href":"http:\/\/ctfis-acores.org\/wordpress\/index.php?rest_route=\/wp\/v2\/types\/page"}],"author":[{"embeddable":true,"href":"http:\/\/ctfis-acores.org\/wordpress\/index.php?rest_route=\/wp\/v2\/users\/3"}],"replies":[{"embeddable":true,"href":"http:\/\/ctfis-acores.org\/wordpress\/index.php?rest_route=%2Fwp%2Fv2%2Fcomments&post=766"}],"version-history":[{"count":5,"href":"http:\/\/ctfis-acores.org\/wordpress\/index.php?rest_route=\/wp\/v2\/pages\/766\/revisions"}],"predecessor-version":[{"id":774,"href":"http:\/\/ctfis-acores.org\/wordpress\/index.php?rest_route=\/wp\/v2\/pages\/766\/revisions\/774"}],"wp:attachment":[{"href":"http:\/\/ctfis-acores.org\/wordpress\/index.php?rest_route=%2Fwp%2Fv2%2Fmedia&parent=766"}],"curies":[{"name":"wp","href":"https:\/\/api.w.org\/{rel}","templated":true}]}}