{"id":732,"date":"2018-02-08T11:00:38","date_gmt":"2018-02-08T11:00:38","guid":{"rendered":"http:\/\/ctfis-acores.org\/wordpress\/?page_id=732"},"modified":"2018-02-08T11:46:44","modified_gmt":"2018-02-08T11:46:44","slug":"natividad-mellado","status":"publish","type":"page","link":"http:\/\/ctfis-acores.org\/wordpress\/?page_id=732","title":{"rendered":"Natividad Mellado"},"content":{"rendered":"<p><a href=\"http:\/\/ctfis-acores.org\/wordpress\/wp-content\/uploads\/2018\/02\/14b.jpg\"><img loading=\"lazy\" decoding=\"async\" class=\"alignnone size-medium wp-image-728\" src=\"http:\/\/ctfis-acores.org\/wordpress\/wp-content\/uploads\/2018\/02\/14b-214x300.jpg\" alt=\"14b\" width=\"214\" height=\"300\" srcset=\"http:\/\/ctfis-acores.org\/wordpress\/wp-content\/uploads\/2018\/02\/14b-214x300.jpg 214w, http:\/\/ctfis-acores.org\/wordpress\/wp-content\/uploads\/2018\/02\/14b-768x1075.jpg 768w, http:\/\/ctfis-acores.org\/wordpress\/wp-content\/uploads\/2018\/02\/14b-732x1024.jpg 732w, http:\/\/ctfis-acores.org\/wordpress\/wp-content\/uploads\/2018\/02\/14b.jpg 1024w\" sizes=\"(max-width: 214px) 100vw, 214px\" \/><\/a><\/p>\n<p>Iniciou os seus passos no mundo laboral atrav\u00e9s da Contabilidade e como formadora. No ano 2008, durante 3 meses desenvolveu no Peru actividades com crian\u00e7as de rua, o que lhe despertou o bichinho do social.<\/p>\n<p>No ano 2010 realizar o seu estagio curricular em Lisboa,na Universidade Lusiada,onde trabalhou com crian\u00e7as no CESIS &#8211; Centro de Estudos para a Interven\u00e7\u00e3o Social, no Bairro da Buraca, onde em simult\u00e2neo desenvolveu voluntariado de rua, atrav\u00e9s do IAC-Instituto de Apoio \u00e0 Crian\u00e7a.<\/p>\n<p>Adora viajar, conhecer novas culturas e chamar a si novos desafios e \u00e9 assim que decide mudar a sua resid\u00eancia para os A\u00e7ores.<\/p>\n<p>Na UMAR-A\u00e7ores-Uni\u00e3o Mulheres Alternativa de Resposta, em regime de voluntariado realiza o Projecto \u201c16 Dias-De luta contra a viol\u00eancia \u00e0s Mulheres\u201d e participa na Linha S.O.S contra a viol\u00eancia dom\u00e9stica, actividade que ainda desenvolve. Para al\u00e9m disso exerce tamb\u00e9m voluntariado durante 6 meses na Iac-A\u00e7ores, no contexto de crian\u00e7as de rua, ficando por mais 6 meses a trabalhar nesta institui\u00e7\u00e3o.<\/p>\n<p>Em 2010 inscreve-se no curso de Psicologia na Universidade dos A\u00e7ores, realiza forma\u00e7\u00f5es em: Psicodrama, Em Fam\u00edlia para crescer-praticas e estrat\u00e9gias, A crian\u00e7a e a Viol\u00eancia Domestica, Entrevista Motivacional, Curinga de T.O e outros.<\/p>\n<p>Ap\u00f3s o IAC realiza trabalho remunerado na Cooperativa Cultural Descal\u00e7as, onde permanece um ano. Organiza nesse per\u00edodo fun\u00e7\u00f5es de produ\u00e7\u00e3o para cria\u00e7\u00e3o de um espect\u00e1culo de teatro, coordena actividades de ioga do riso com Idosos da Universidade S\u00e9nior, ac\u00e7\u00f5es de sensibiliza\u00e7\u00e3o, entre outras actividades destinadas \u00e0 Comunidade e \u00e0 Cultura: Teatro do Oprimido, Clown, Cinema Document\u00e1rio e edi\u00e7\u00e3o.<\/p>\n<p>No decorrer de 2012, come\u00e7a trabalhar no Centro de Terapia Familiar e Interven\u00e7\u00e3o Sist\u00e9mica, mais concreto ao PEF-Ponto de Encontro Familiar, onde se encontra a realizar fun\u00e7\u00f5es de Assistente Social com entusiasmo e empenho no progresso de uma carreira ligada ao social.<\/p>\n<p>Como interesses pessoais, possui o grau I e II de Reiki, gosta de praticar Ioga e Medita\u00e7\u00e3o assim como outras terapias alternativas.<\/p>\n","protected":false},"excerpt":{"rendered":"<p>Iniciou os seus passos no mundo laboral atrav\u00e9s da Contabilidade e como formadora. No ano 2008, durante 3 meses desenvolveu no Peru actividades com crian\u00e7as de rua, o que lhe despertou o bichinho do social. No ano 2010 realizar o seu estagio curricular em Lisboa,na Universidade Lusiada,onde trabalhou com crian\u00e7as no CESIS &#8211; Centro de [&hellip;]<\/p>\n","protected":false},"author":3,"featured_media":0,"parent":0,"menu_order":0,"comment_status":"closed","ping_status":"closed","template":"","meta":{"footnotes":""},"_links":{"self":[{"href":"http:\/\/ctfis-acores.org\/wordpress\/index.php?rest_route=\/wp\/v2\/pages\/732"}],"collection":[{"href":"http:\/\/ctfis-acores.org\/wordpress\/index.php?rest_route=\/wp\/v2\/pages"}],"about":[{"href":"http:\/\/ctfis-acores.org\/wordpress\/index.php?rest_route=\/wp\/v2\/types\/page"}],"author":[{"embeddable":true,"href":"http:\/\/ctfis-acores.org\/wordpress\/index.php?rest_route=\/wp\/v2\/users\/3"}],"replies":[{"embeddable":true,"href":"http:\/\/ctfis-acores.org\/wordpress\/index.php?rest_route=%2Fwp%2Fv2%2Fcomments&post=732"}],"version-history":[{"count":3,"href":"http:\/\/ctfis-acores.org\/wordpress\/index.php?rest_route=\/wp\/v2\/pages\/732\/revisions"}],"predecessor-version":[{"id":738,"href":"http:\/\/ctfis-acores.org\/wordpress\/index.php?rest_route=\/wp\/v2\/pages\/732\/revisions\/738"}],"wp:attachment":[{"href":"http:\/\/ctfis-acores.org\/wordpress\/index.php?rest_route=%2Fwp%2Fv2%2Fmedia&parent=732"}],"curies":[{"name":"wp","href":"https:\/\/api.w.org\/{rel}","templated":true}]}}