{"id":482,"date":"2017-01-16T18:17:26","date_gmt":"2017-01-16T18:17:26","guid":{"rendered":"http:\/\/ctfis-acores.org\/wordpress\/?page_id=482"},"modified":"2018-02-09T13:30:08","modified_gmt":"2018-02-09T13:30:08","slug":"trajeto-seguro","status":"publish","type":"page","link":"http:\/\/ctfis-acores.org\/wordpress\/?page_id=482","title":{"rendered":"Trajeto Seguro"},"content":{"rendered":"<p style=\"text-align: justify;\">O <strong>Trajeto Seguro<\/strong> tem como objetivo desenvolver, consolidar e disseminar estrat\u00e9gias, modelos e metodologias na \u00e1rea da sa\u00fade, da forma\u00e7\u00e3o escolar, da participa\u00e7\u00e3o global em atividades pr\u00f3-sociais e da intera\u00e7\u00e3o familiar que permitam um maior n\u00edvel de sucesso educativo. Aposta numa interven\u00e7\u00e3o simult\u00e2nea sobre cinco vetores que se assumem como essenciais para um combate eficaz ao insucesso escolar \u2013 atua com o\u00a0 aluno, com a respetiva realidade familiar\/comunit\u00e1ria, com a \u00e1rea da sa\u00fade, tempos livres e\u00a0 tamb\u00e9m\u00a0 assume um enfoque sobre o mundo do ensino.<\/p>\n<p style=\"text-align: justify;\"><a href=\"http:\/\/ctfis-acores.org\/wordpress\/wp-content\/uploads\/2017\/01\/vekd.png\"><img loading=\"lazy\" decoding=\"async\" class=\"aligncenter wp-image-486 size-full\" src=\"http:\/\/ctfis-acores.org\/wordpress\/wp-content\/uploads\/2017\/01\/vekd.png\" alt=\"vekd\" width=\"591\" height=\"243\" srcset=\"http:\/\/ctfis-acores.org\/wordpress\/wp-content\/uploads\/2017\/01\/vekd.png 591w, http:\/\/ctfis-acores.org\/wordpress\/wp-content\/uploads\/2017\/01\/vekd-300x123.png 300w\" sizes=\"(max-width: 591px) 100vw, 591px\" \/><\/a><\/p>\n<p style=\"text-align: justify;\">Actualmente o projeto\u00a0est\u00e1 a ser implementado na\u00a0Escola Lu\u00edsa Constantina, em Rabo de Peixe, com alunos dos 1.\u00ba e 2.\u00ba anos de escolaridade, envolvendo tamb\u00e9m a sua\u00a0fam\u00edlia, profissionais agregados \u00e0 estrutura de ensino e outros profissionais \u00a0integrados em estruturas sociais com interven\u00e7\u00e3o na \u00e1rea escolar de Rabo de Peixe.<\/p>\n<hr \/>\n<p style=\"text-align: justify;\">Estrutura Coordenadora do Projeto \u2013 Escola B\u00e1sica Integrada de Rabo de Peixe;<\/p>\n<p style=\"text-align: justify;\">Estruturas co-gestoras do Projeto \u2013 Instituto da Seguran\u00e7a Social dos A\u00e7ores, \u00a0Direc\u00e7\u00e3o Geral de Reinser\u00e7\u00e3o e Servi\u00e7os Prisionais, Santa Casa da Miseric\u00f3rdia da Ribeira Grande e Centro de Terapia Familiar e Interven\u00e7\u00e3o Sist\u00e9mica;<\/p>\n<p style=\"text-align: justify;\">\u00c1rea de Execu\u00e7\u00e3o do Programa:\u00a0Escola B\u00e1sica Integrada de Rabo de Peixe, ainda que com a\u00e7\u00f5es especificas sobre a Escola B\u00e1sica\/Jardim de inf\u00e2ncia Lu\u00edsa Constantina.<\/p>\n","protected":false},"excerpt":{"rendered":"<p>O Trajeto Seguro tem como objetivo desenvolver, consolidar e disseminar estrat\u00e9gias, modelos e metodologias na \u00e1rea da sa\u00fade, da forma\u00e7\u00e3o escolar, da participa\u00e7\u00e3o global em atividades pr\u00f3-sociais e da intera\u00e7\u00e3o familiar que permitam um maior n\u00edvel de sucesso educativo. Aposta numa interven\u00e7\u00e3o simult\u00e2nea sobre cinco vetores que se assumem como essenciais para um combate eficaz [&hellip;]<\/p>\n","protected":false},"author":2,"featured_media":0,"parent":0,"menu_order":0,"comment_status":"closed","ping_status":"closed","template":"","meta":{"footnotes":""},"_links":{"self":[{"href":"http:\/\/ctfis-acores.org\/wordpress\/index.php?rest_route=\/wp\/v2\/pages\/482"}],"collection":[{"href":"http:\/\/ctfis-acores.org\/wordpress\/index.php?rest_route=\/wp\/v2\/pages"}],"about":[{"href":"http:\/\/ctfis-acores.org\/wordpress\/index.php?rest_route=\/wp\/v2\/types\/page"}],"author":[{"embeddable":true,"href":"http:\/\/ctfis-acores.org\/wordpress\/index.php?rest_route=\/wp\/v2\/users\/2"}],"replies":[{"embeddable":true,"href":"http:\/\/ctfis-acores.org\/wordpress\/index.php?rest_route=%2Fwp%2Fv2%2Fcomments&post=482"}],"version-history":[{"count":9,"href":"http:\/\/ctfis-acores.org\/wordpress\/index.php?rest_route=\/wp\/v2\/pages\/482\/revisions"}],"predecessor-version":[{"id":780,"href":"http:\/\/ctfis-acores.org\/wordpress\/index.php?rest_route=\/wp\/v2\/pages\/482\/revisions\/780"}],"wp:attachment":[{"href":"http:\/\/ctfis-acores.org\/wordpress\/index.php?rest_route=%2Fwp%2Fv2%2Fmedia&parent=482"}],"curies":[{"name":"wp","href":"https:\/\/api.w.org\/{rel}","templated":true}]}}