{"id":45,"date":"2016-03-03T00:43:57","date_gmt":"2016-03-03T00:43:57","guid":{"rendered":"http:\/\/ctfis-acores.org\/wordpress\/?page_id=45"},"modified":"2017-12-22T13:48:14","modified_gmt":"2017-12-22T13:48:14","slug":"contactos","status":"publish","type":"page","link":"http:\/\/ctfis-acores.org\/wordpress\/?page_id=45","title":{"rendered":"Contactos"},"content":{"rendered":"<p style=\"text-align: center;\"><strong>DADOS GERAIS<\/strong><br \/>\nEmail :\u00a0geral@ctfis-acores.org<br \/>\nN\u00famero de Identifica\u00e7\u00e3o Banc\u00e1ria:\u00a0003300004533893849005 Millenium BCP<br \/>\nN\u00famero de identifica\u00e7\u00e3o fiscal: 512054452<\/p>\n<p style=\"text-align: center;\"><strong>SEDE\u00a0<\/strong><br \/>\nRua Coronel Silva Leal, N\u00ba 33-35, 9500-175 Ponta Delgada<br \/>\nTelefone: 296 284 410<br \/>\nFax: 296 284 411<\/p>\n<p style=\"text-align: center;\">Localiza\u00e7\u00e3o:<\/p>\n<p><a href=\"http:\/\/ctfis-acores.org\/wordpress\/wp-content\/uploads\/2016\/03\/sede.png\"><img loading=\"lazy\" decoding=\"async\" class=\"wp-image-663 aligncenter\" src=\"http:\/\/ctfis-acores.org\/wordpress\/wp-content\/uploads\/2016\/03\/sede-1024x534.png\" alt=\"sede\" width=\"600\" height=\"313\" srcset=\"http:\/\/ctfis-acores.org\/wordpress\/wp-content\/uploads\/2016\/03\/sede-1024x534.png 1024w, http:\/\/ctfis-acores.org\/wordpress\/wp-content\/uploads\/2016\/03\/sede-300x156.png 300w, http:\/\/ctfis-acores.org\/wordpress\/wp-content\/uploads\/2016\/03\/sede-768x400.png 768w, http:\/\/ctfis-acores.org\/wordpress\/wp-content\/uploads\/2016\/03\/sede.png 1280w\" sizes=\"(max-width: 600px) 100vw, 600px\" \/><\/a><\/p>\n","protected":false},"excerpt":{"rendered":"<p>DADOS GERAIS Email :\u00a0geral@ctfis-acores.org N\u00famero de Identifica\u00e7\u00e3o Banc\u00e1ria:\u00a0003300004533893849005 Millenium BCP N\u00famero de identifica\u00e7\u00e3o fiscal: 512054452 SEDE\u00a0 Rua Coronel Silva Leal, N\u00ba 33-35, 9500-175 Ponta Delgada Telefone: 296 284 410 Fax: 296 284 411 Localiza\u00e7\u00e3o:<\/p>\n","protected":false},"author":1,"featured_media":0,"parent":0,"menu_order":0,"comment_status":"closed","ping_status":"closed","template":"","meta":{"footnotes":""},"_links":{"self":[{"href":"http:\/\/ctfis-acores.org\/wordpress\/index.php?rest_route=\/wp\/v2\/pages\/45"}],"collection":[{"href":"http:\/\/ctfis-acores.org\/wordpress\/index.php?rest_route=\/wp\/v2\/pages"}],"about":[{"href":"http:\/\/ctfis-acores.org\/wordpress\/index.php?rest_route=\/wp\/v2\/types\/page"}],"author":[{"embeddable":true,"href":"http:\/\/ctfis-acores.org\/wordpress\/index.php?rest_route=\/wp\/v2\/users\/1"}],"replies":[{"embeddable":true,"href":"http:\/\/ctfis-acores.org\/wordpress\/index.php?rest_route=%2Fwp%2Fv2%2Fcomments&post=45"}],"version-history":[{"count":8,"href":"http:\/\/ctfis-acores.org\/wordpress\/index.php?rest_route=\/wp\/v2\/pages\/45\/revisions"}],"predecessor-version":[{"id":665,"href":"http:\/\/ctfis-acores.org\/wordpress\/index.php?rest_route=\/wp\/v2\/pages\/45\/revisions\/665"}],"wp:attachment":[{"href":"http:\/\/ctfis-acores.org\/wordpress\/index.php?rest_route=%2Fwp%2Fv2%2Fmedia&parent=45"}],"curies":[{"name":"wp","href":"https:\/\/api.w.org\/{rel}","templated":true}]}}