{"id":382,"date":"2016-10-03T15:19:35","date_gmt":"2016-10-03T14:19:35","guid":{"rendered":"http:\/\/ctfis-acores.org\/wordpress\/?page_id=382"},"modified":"2018-02-09T13:29:20","modified_gmt":"2018-02-09T13:29:20","slug":"erascj","status":"publish","type":"page","link":"http:\/\/ctfis-acores.org\/wordpress\/?page_id=382","title":{"rendered":"ERASCJ"},"content":{"rendered":"<p>A <strong>Estrat\u00e9gia Regional de Preven\u00e7\u00e3o e Combate ao Abuso Sexual de Crian\u00e7as e Jovens<\/strong> \u00e9 dirigida a crian\u00e7as e jovens v\u00edtimas de abuso sexual e respetivos contextos familiares e comunit\u00e1rios, agressores sexuais de crian\u00e7as e jovens (intervencionados pelo Sistema de Justi\u00e7a) e seus contextos familiares, estruturas organizacionais com interven\u00e7\u00e3o regular sobre as problem\u00e1ticas dos maus tratos perpetrados sobre crian\u00e7as e jovens e \u00e0 comunidade em geral.Tem como principais objetivos:<\/p>\n<ul style=\"text-align: justify;\">\n<li>Desenvolver dispositivos de comunica\u00e7\u00e3o, visando uma dissemina\u00e7\u00e3o p\u00fablica de fatores de prote\u00e7\u00e3o e de risco relativamente \u00e0 tem\u00e1tica do abuso sexual de crian\u00e7as e jovens.<\/li>\n<li>Desenvolver um dispositivo de apoio integrado para crian\u00e7as e jovens v\u00edtimas de abuso sexual e respetiva realidade familiar, que garanta um suporte reabilitador \u00e0s mesmas;<\/li>\n<li>Efetivar a implementa\u00e7\u00e3o de um processo de acompanhamento e reabilita\u00e7\u00e3o de agressores sexuais de crian\u00e7as e jovens, num processo de intera\u00e7\u00e3o entre o Sistema de Sa\u00fade e de Justi\u00e7a;<\/li>\n<\/ul>\n<hr \/>\n<p style=\"text-align: justify;\">Estruturas Coordenadoras do Programa \u2013 Direc\u00e7\u00e3o Regional da Solidariedade Social \u2013 Governo dos A\u00e7ores e Instituto da Seguran\u00e7a Social dos\u00a0 A\u00e7ores;<\/p>\n<p style=\"text-align: justify;\">Estruturas co-gestoras do Programa \u2013 Minist\u00e9rio P\u00fablico, \u00a0Direc\u00e7\u00e3o Geral de Reinser\u00e7\u00e3o e Servi\u00e7os Prisionais e Centro de Terapia Familiar e Interven\u00e7\u00e3o Sist\u00e9mica;<\/p>\n<p style=\"text-align: justify;\">\u00c1rea de Execu\u00e7\u00e3o do Programa: Ilhas de S. Miguel, Faial, Pico e Flores (\u00e1rea\u00a0 piloto de implementa\u00e7\u00e3o da iniciativa)<\/p>\n<p style=\"text-align: justify;\">\n","protected":false},"excerpt":{"rendered":"<p>A Estrat\u00e9gia Regional de Preven\u00e7\u00e3o e Combate ao Abuso Sexual de Crian\u00e7as e Jovens \u00e9 dirigida a crian\u00e7as e jovens v\u00edtimas de abuso sexual e respetivos contextos familiares e comunit\u00e1rios, agressores sexuais de crian\u00e7as e jovens (intervencionados pelo Sistema de Justi\u00e7a) e seus contextos familiares, estruturas organizacionais com interven\u00e7\u00e3o regular sobre as problem\u00e1ticas dos maus [&hellip;]<\/p>\n","protected":false},"author":4,"featured_media":0,"parent":0,"menu_order":0,"comment_status":"closed","ping_status":"closed","template":"","meta":{"footnotes":""},"_links":{"self":[{"href":"http:\/\/ctfis-acores.org\/wordpress\/index.php?rest_route=\/wp\/v2\/pages\/382"}],"collection":[{"href":"http:\/\/ctfis-acores.org\/wordpress\/index.php?rest_route=\/wp\/v2\/pages"}],"about":[{"href":"http:\/\/ctfis-acores.org\/wordpress\/index.php?rest_route=\/wp\/v2\/types\/page"}],"author":[{"embeddable":true,"href":"http:\/\/ctfis-acores.org\/wordpress\/index.php?rest_route=\/wp\/v2\/users\/4"}],"replies":[{"embeddable":true,"href":"http:\/\/ctfis-acores.org\/wordpress\/index.php?rest_route=%2Fwp%2Fv2%2Fcomments&post=382"}],"version-history":[{"count":8,"href":"http:\/\/ctfis-acores.org\/wordpress\/index.php?rest_route=\/wp\/v2\/pages\/382\/revisions"}],"predecessor-version":[{"id":778,"href":"http:\/\/ctfis-acores.org\/wordpress\/index.php?rest_route=\/wp\/v2\/pages\/382\/revisions\/778"}],"wp:attachment":[{"href":"http:\/\/ctfis-acores.org\/wordpress\/index.php?rest_route=%2Fwp%2Fv2%2Fmedia&parent=382"}],"curies":[{"name":"wp","href":"https:\/\/api.w.org\/{rel}","templated":true}]}}