{"id":356,"date":"2016-09-20T16:31:52","date_gmt":"2016-09-20T15:31:52","guid":{"rendered":"http:\/\/ctfis-acores.org\/wordpress\/?page_id=356"},"modified":"2021-11-11T15:55:07","modified_gmt":"2021-11-11T15:55:07","slug":"elisabete-gomes","status":"publish","type":"page","link":"http:\/\/ctfis-acores.org\/wordpress\/?page_id=356","title":{"rendered":"Elisabete Gomes"},"content":{"rendered":"\t\t<div data-elementor-type=\"wp-page\" data-elementor-id=\"356\" class=\"elementor elementor-356\">\n\t\t\t\t\t\t\t\t\t<section class=\"elementor-section elementor-top-section elementor-element elementor-element-315087e elementor-section-boxed elementor-section-height-default elementor-section-height-default\" data-id=\"315087e\" data-element_type=\"section\">\n\t\t\t\t\t\t<div class=\"elementor-container elementor-column-gap-default\">\n\t\t\t\t\t<div class=\"elementor-column elementor-col-100 elementor-top-column elementor-element elementor-element-c2b8dd1\" data-id=\"c2b8dd1\" data-element_type=\"column\">\n\t\t\t<div class=\"elementor-widget-wrap elementor-element-populated\">\n\t\t\t\t\t\t\t\t<div class=\"elementor-element elementor-element-d688544 elementor-widget elementor-widget-image\" data-id=\"d688544\" data-element_type=\"widget\" data-widget_type=\"image.default\">\n\t\t\t\t<div class=\"elementor-widget-container\">\n\t\t\t\t\t\t\t\t\t\t\t\t\t\t\t<img loading=\"lazy\" decoding=\"async\" width=\"225\" height=\"300\" src=\"http:\/\/ctfis-acores.org\/wordpress\/wp-content\/uploads\/2021\/11\/100742228_2971387896276052_6186965754995277824_o-225x300.jpg\" class=\"attachment-medium size-medium\" alt=\"\" srcset=\"http:\/\/ctfis-acores.org\/wordpress\/wp-content\/uploads\/2021\/11\/100742228_2971387896276052_6186965754995277824_o-225x300.jpg 225w, http:\/\/ctfis-acores.org\/wordpress\/wp-content\/uploads\/2021\/11\/100742228_2971387896276052_6186965754995277824_o.jpg 720w\" sizes=\"(max-width: 225px) 100vw, 225px\" \/>\t\t\t\t\t\t\t\t\t\t\t\t\t\t\t<\/div>\n\t\t\t\t<\/div>\n\t\t\t\t\t<\/div>\n\t\t<\/div>\n\t\t\t\t\t\t\t<\/div>\n\t\t<\/section>\n\t\t\t\t<section class=\"elementor-section elementor-top-section elementor-element elementor-element-4b62 elementor-section-boxed elementor-section-height-default elementor-section-height-default\" data-id=\"4b62\" data-element_type=\"section\">\n\t\t\t\t\t\t<div class=\"elementor-container elementor-column-gap-default\">\n\t\t\t\t\t<div class=\"elementor-column elementor-col-100 elementor-top-column elementor-element elementor-element-3933\" data-id=\"3933\" data-element_type=\"column\">\n\t\t\t<div class=\"elementor-widget-wrap elementor-element-populated\">\n\t\t\t\t\t\t\t\t<div class=\"elementor-element elementor-element-8e6 elementor-widget elementor-widget-text-editor\" data-id=\"8e6\" data-element_type=\"widget\" data-widget_type=\"text-editor.default\">\n\t\t\t\t<div class=\"elementor-widget-container\">\n\t\t\t\t\t\t\t<div class=\"cont_cuerpo_\"><div id=\"personal_caja\"><div id=\"personal\"><div class=\"textcurr\"><p>Licenciada em Sociologia pela Universidade dos A\u00e7ores, recebe em 2005 o Pr\u00e9mio de Sociologia Francisco Carmo, relativo ao trabalho de investiga\u00e7\u00e3o cientifica \u201cEstrat\u00e9gias Institucionais de Interposi\u00e7\u00e3o Familiar: os Casos do Bom Pastor, Lar da M\u00e3e de Deus e Casa do Gaiato.\u201d<\/p><p>Ainda em 2005, efectua forma\u00e7\u00e3o de Mediadora Tutelar Educativa,sendo que desde ent\u00e3o at\u00e9 \u00e0 presente data intervenciona no Servi\u00e7o de Media\u00e7\u00e3o Tutelar ( S. Miguel -A\u00e7ores), casos de jovens com pr\u00e1ticas criminais( 12 \u2013 16 anos).<\/p><p>Em 2006 inicia a sua viagem pelo mundo da Interven\u00e7\u00e3o Sist\u00e9mica e Terapia Familiar, como soci\u00f3loga no Centro de Terapia Familiar e Interven\u00e7\u00e3o Sist\u00e9mica, em Ponta Delgada, na ilha de S\u00e3o Miguel -A\u00e7ores.<\/p><p>Nesse ano, frequenta uma p\u00f3s-gradua\u00e7\u00e3o em regime de curso intensivo de Terapia Familiar, no Instituto de Psicoterapia Arrojo \u2013 Santiago de Compostela, com a coordena\u00e7\u00e3o t\u00e9cnica do Professor Doutor Marcelo Packman, tendo como formadores Carlos Sluzki; Imelda McCarthy; Lynn Hoffman; Pietro Barbetta, Juan Lu\u00eds Linares; Marcelo Packman, entre outros,sendo que em Novembro desse mesmo ano ingressa na Sociedade Portuguesa de Terapia Familiar, tendo efectuado o curso de Interven\u00e7\u00e3o Sist\u00e9mica e Terapia Familiar (2007-2011). Ficando posteriormente como membro efectivo da Sociedade Portuguesa de Terapia Familiar e terapeuta familiar.<\/p><p>De 2007 a 2012 desenvolve a sua pr\u00e1tica profissional nas equipas Ponto de Encontro Familiar e Equipa de Integra\u00e7\u00e3o Familiar, do Centro de Terapia Familiar, sendo que em 2013 integra a Equipa de Terapia deste mesmo centro, como soci\u00f3loga e terapeuta familiar, onde se mant\u00e9m at\u00e9 hoje.<\/p><p>Desempenhou fun\u00e7\u00f5es de coordenadora da Equipa de Terapia Familiar, sendo neste momento coordenadora do Ponto de Encontro Familiar. Orienta e supervisiona casos neste \u00e2mbito, assim como realiza desenvolvimento pessoal e de equipa a v\u00e1rias entidades\/institui\u00e7\u00f5es\/CAFAP\u00b4s no pa\u00eds.<\/p><p>Formadora interna e externa do CTFIS, assim como da Sociedade Portuguesa de Terapia Familiar.<\/p><p>Ingressou nos corpos dirigentes do Centro de Terapia Familiar e Interven\u00e7\u00e3o Sist\u00e9mica em 2007, inicialmente pertencendo ao Conselho Fiscal, passando posteriormente a vice presidente e por \u00faltimo a Presidente da dire\u00e7\u00e3o do CTFIS, cargo que ainda ocupa.<\/p><p>Membro fundador do 180 Terapias Acores.<\/p><p>No \u00e2mbito da sua paix\u00e3o pelas quest\u00f5es sociais e familiares, colaborou de 2006- 2018 com o GAIN (Grupo A\u00e7oriano de Investiga\u00e7\u00e3o Neurogen\u00e9tica \u2013 Hospital do Divino Esp\u00edrito Santo \u2013 S. Miguel- A\u00e7ores), onde desenvolveu um trabalho de investiga\u00e7\u00e3o, acompanhamento e interven\u00e7\u00e3o psicossocial a portadores da Doen\u00e7a do Machado-Joseph (DMJ) e respetivas fam\u00edlias, bem como aos candidatos \u00e0 realiza\u00e7\u00e3o do Teste Preditivo do Programa de Aconselhamento Gen\u00e9tico para esta doen\u00e7a. Neste \u00e2mbito publicou v\u00e1rios trabalhos cient\u00edficos e foi oradora no V International Workshop on Machado-Joseph Disease, entre outros encontros cient\u00edficos.<\/p><p>Participou como palestrante e dinamizadora de v\u00e1rios workshops na \u00e1rea da Interven\u00e7\u00e3o Sist\u00e9mica e Terapia Familiar e desenvolveu trabalhos com grupos de pais, crian\u00e7as e docentes em v\u00e1rios estabelecimentos de ensino da ilha.<\/p><p>Mestre reiki,\u00a0 Xam\u00e2nica, instrutora de Ioga para Crian\u00e7as, aplicadora de t\u00e9cnicas alternativas de liberta\u00e7\u00e3o emocional, EFT \u2013 Emocional Freedom Technique, medita\u00e7\u00e3o e compaix\u00e3o, integra nas suas interven\u00e7\u00f5es algumas destas \u00e1reas de saber, procurando assim ir ao encontro duma interven\u00e7\u00e3o integrativa no \u00e2mbito da interven\u00e7\u00e3o sist\u00e9mica e terapia familiar<\/p><\/div><\/div><\/div><\/div><div id=\"contpie\">\u00a0<\/div>\t\t\t\t\t\t<\/div>\n\t\t\t\t<\/div>\n\t\t\t\t\t<\/div>\n\t\t<\/div>\n\t\t\t\t\t\t\t<\/div>\n\t\t<\/section>\n\t\t\t\t\t\t\t<\/div>\n\t\t","protected":false},"excerpt":{"rendered":"<p>Licenciada em Sociologia pela Universidade dos A\u00e7ores, recebe em 2005 o Pr\u00e9mio de Sociologia Francisco Carmo, relativo ao trabalho de investiga\u00e7\u00e3o cientifica \u201cEstrat\u00e9gias Institucionais de Interposi\u00e7\u00e3o Familiar: os Casos do Bom Pastor, Lar da M\u00e3e de Deus e Casa do Gaiato.\u201d Ainda em 2005, efectua forma\u00e7\u00e3o de Mediadora Tutelar Educativa,sendo que desde ent\u00e3o at\u00e9 \u00e0 [&hellip;]<\/p>\n","protected":false},"author":1,"featured_media":0,"parent":0,"menu_order":0,"comment_status":"closed","ping_status":"closed","template":"","meta":{"footnotes":""},"_links":{"self":[{"href":"http:\/\/ctfis-acores.org\/wordpress\/index.php?rest_route=\/wp\/v2\/pages\/356"}],"collection":[{"href":"http:\/\/ctfis-acores.org\/wordpress\/index.php?rest_route=\/wp\/v2\/pages"}],"about":[{"href":"http:\/\/ctfis-acores.org\/wordpress\/index.php?rest_route=\/wp\/v2\/types\/page"}],"author":[{"embeddable":true,"href":"http:\/\/ctfis-acores.org\/wordpress\/index.php?rest_route=\/wp\/v2\/users\/1"}],"replies":[{"embeddable":true,"href":"http:\/\/ctfis-acores.org\/wordpress\/index.php?rest_route=%2Fwp%2Fv2%2Fcomments&post=356"}],"version-history":[{"count":4,"href":"http:\/\/ctfis-acores.org\/wordpress\/index.php?rest_route=\/wp\/v2\/pages\/356\/revisions"}],"predecessor-version":[{"id":1116,"href":"http:\/\/ctfis-acores.org\/wordpress\/index.php?rest_route=\/wp\/v2\/pages\/356\/revisions\/1116"}],"wp:attachment":[{"href":"http:\/\/ctfis-acores.org\/wordpress\/index.php?rest_route=%2Fwp%2Fv2%2Fmedia&parent=356"}],"curies":[{"name":"wp","href":"https:\/\/api.w.org\/{rel}","templated":true}]}}