{"id":352,"date":"2016-09-20T16:26:43","date_gmt":"2016-09-20T15:26:43","guid":{"rendered":"http:\/\/ctfis-acores.org\/wordpress\/?page_id=352"},"modified":"2016-09-20T16:30:01","modified_gmt":"2016-09-20T15:30:01","slug":"ana-oliveira-teves","status":"publish","type":"page","link":"http:\/\/ctfis-acores.org\/wordpress\/?page_id=352","title":{"rendered":"Ana Oliveira Teves"},"content":{"rendered":"<div class=\"cont_cuerpo_\">\n<div>\n<div id=\"personal_caja\">\n<div id=\"personal\">\n<h3 class=\"nombre_persona\"><a href=\"http:\/\/ctfis-acores.org\/wordpress\/wp-content\/uploads\/2016\/09\/ana-oliveira-teves.jpg\"><img loading=\"lazy\" decoding=\"async\" class=\"alignnone size-medium wp-image-353\" src=\"http:\/\/ctfis-acores.org\/wordpress\/wp-content\/uploads\/2016\/09\/ana-oliveira-teves-214x300.jpg\" alt=\"ana-oliveira-teves\" width=\"214\" height=\"300\" srcset=\"http:\/\/ctfis-acores.org\/wordpress\/wp-content\/uploads\/2016\/09\/ana-oliveira-teves-214x300.jpg 214w, http:\/\/ctfis-acores.org\/wordpress\/wp-content\/uploads\/2016\/09\/ana-oliveira-teves-768x1075.jpg 768w, http:\/\/ctfis-acores.org\/wordpress\/wp-content\/uploads\/2016\/09\/ana-oliveira-teves-732x1024.jpg 732w, http:\/\/ctfis-acores.org\/wordpress\/wp-content\/uploads\/2016\/09\/ana-oliveira-teves.jpg 1024w\" sizes=\"(max-width: 214px) 100vw, 214px\" \/><\/a><\/h3>\n<h3 class=\"nombre_persona\"><span style=\"color: #99cc00;\">Ana Oliveira Teves<\/span><\/h3>\n<div class=\"textcurr\">\n<p>Em 2002 inicia a sua forma\u00e7\u00e3o em Educa\u00e7\u00e3o Social na Escola Superior de Educa\u00e7\u00e3o de Santar\u00e9m, tendo terminado em 2007.<\/p>\n<p>Ao longo da sua forma\u00e7\u00e3o, em 2006, regressa aos A\u00e7ores e inicia a sua viagem no Centro de Terapia Familiar e Interven\u00e7\u00e3o Sist\u00e9mica, atrav\u00e9s de um est\u00e1gio de acad\u00e9mico levado a cabo na Equipa de Integra\u00e7\u00e3o Familiar, intitulado \u201cIntervir&#8230; Para Crescer em Fam\u00edlia\u201d, tendo se integrado na mesma equipa como Educadora Social, desde ent\u00e3o. Para al\u00e9m do seu trabalho, em 2011\/2012 desempenhou fun\u00e7\u00f5es de formadora, no Centro Social e Paroquial de S\u00e3o Roque no \u00e2mbito de interven\u00e7\u00e3o familiar.<\/p>\n<p>Em inicio de 2013 inicia curso on-line \u201cFormacion en Terapia Familiar e Intervenciones Sist\u00e9micas\u201d, ministrado pela Escola Vasco Navarra de Terapia Familiar, Bilbao.<\/p>\n<p>Ainda no inicio de presente ano integra a Equipa de Terapia Familiar deste Centro.<\/p>\n<\/div>\n<\/div>\n<\/div>\n<\/div>\n<\/div>\n<div id=\"contpie\"><\/div>\n","protected":false},"excerpt":{"rendered":"<p>Ana Oliveira Teves Em 2002 inicia a sua forma\u00e7\u00e3o em Educa\u00e7\u00e3o Social na Escola Superior de Educa\u00e7\u00e3o de Santar\u00e9m, tendo terminado em 2007. Ao longo da sua forma\u00e7\u00e3o, em 2006, regressa aos A\u00e7ores e inicia a sua viagem no Centro de Terapia Familiar e Interven\u00e7\u00e3o Sist\u00e9mica, atrav\u00e9s de um est\u00e1gio de acad\u00e9mico levado a cabo [&hellip;]<\/p>\n","protected":false},"author":1,"featured_media":0,"parent":0,"menu_order":0,"comment_status":"closed","ping_status":"closed","template":"","meta":{"footnotes":""},"_links":{"self":[{"href":"http:\/\/ctfis-acores.org\/wordpress\/index.php?rest_route=\/wp\/v2\/pages\/352"}],"collection":[{"href":"http:\/\/ctfis-acores.org\/wordpress\/index.php?rest_route=\/wp\/v2\/pages"}],"about":[{"href":"http:\/\/ctfis-acores.org\/wordpress\/index.php?rest_route=\/wp\/v2\/types\/page"}],"author":[{"embeddable":true,"href":"http:\/\/ctfis-acores.org\/wordpress\/index.php?rest_route=\/wp\/v2\/users\/1"}],"replies":[{"embeddable":true,"href":"http:\/\/ctfis-acores.org\/wordpress\/index.php?rest_route=%2Fwp%2Fv2%2Fcomments&post=352"}],"version-history":[{"count":2,"href":"http:\/\/ctfis-acores.org\/wordpress\/index.php?rest_route=\/wp\/v2\/pages\/352\/revisions"}],"predecessor-version":[{"id":355,"href":"http:\/\/ctfis-acores.org\/wordpress\/index.php?rest_route=\/wp\/v2\/pages\/352\/revisions\/355"}],"wp:attachment":[{"href":"http:\/\/ctfis-acores.org\/wordpress\/index.php?rest_route=%2Fwp%2Fv2%2Fmedia&parent=352"}],"curies":[{"name":"wp","href":"https:\/\/api.w.org\/{rel}","templated":true}]}}