{"id":290,"date":"2016-08-10T11:26:46","date_gmt":"2016-08-10T10:26:46","guid":{"rendered":"http:\/\/ctfis-acores.org\/wordpress\/?page_id=290"},"modified":"2016-08-10T11:26:46","modified_gmt":"2016-08-10T10:26:46","slug":"joana-vasconcelos","status":"publish","type":"page","link":"http:\/\/ctfis-acores.org\/wordpress\/?page_id=290","title":{"rendered":"Joana Vasconcelos"},"content":{"rendered":"<div class=\"nombre_persona\"><a href=\"http:\/\/ctfis-acores.org\/wordpress\/wp-content\/uploads\/2016\/08\/joanavasconcelos.jpg\"><img loading=\"lazy\" decoding=\"async\" class=\"alignnone size-medium wp-image-291\" src=\"http:\/\/ctfis-acores.org\/wordpress\/wp-content\/uploads\/2016\/08\/joanavasconcelos-214x300.jpg\" alt=\"joanavasconcelos\" width=\"214\" height=\"300\" srcset=\"http:\/\/ctfis-acores.org\/wordpress\/wp-content\/uploads\/2016\/08\/joanavasconcelos-214x300.jpg 214w, http:\/\/ctfis-acores.org\/wordpress\/wp-content\/uploads\/2016\/08\/joanavasconcelos-768x1075.jpg 768w, http:\/\/ctfis-acores.org\/wordpress\/wp-content\/uploads\/2016\/08\/joanavasconcelos-732x1024.jpg 732w, http:\/\/ctfis-acores.org\/wordpress\/wp-content\/uploads\/2016\/08\/joanavasconcelos.jpg 1024w\" sizes=\"(max-width: 214px) 100vw, 214px\" \/><\/a><\/div>\n<h3 class=\"nombre_persona\"><span style=\"color: #99cc00;\">Joana Vasconcelos<\/span><\/h3>\n<div class=\"textcurr\">Entre 1996 e 2001 estuda Psicologia na Universidade de Lisboa.<\/p>\n<p>Faz o est\u00e1gio final de licenciatura no Hospital de Santa Maria na Equipa de Psiquiatria, no N\u00facleo de Estudos do Suic\u00eddio e do Comportamento Alimentar. Desperta curiosidade pelas rela\u00e7\u00f5es humanas.<\/p>\n<p>Inicia a sua forma\u00e7\u00e3o em Terapia Familiar com a Associa\u00e7\u00e3o Portuguesa de Terapia Familiar e Comunit\u00e1ria. Em 2003 come\u00e7a a sua caminhada profissional no Centro de Terapia Familiar e Interven\u00e7\u00e3o Sist\u00e9mica.<\/p>\n<p>Paralelamente participa na constru\u00e7\u00e3o do programa de promo\u00e7\u00e3o de compet\u00eancias pessoais e sociais \u201cGerar Percursos Sociais\u201d trabalhando com adolescentes e jovens.<\/p>\n<p>Em 2005 parte rumo a Barcelona onde completa o M\u00e1ster em Terapia Familiar, a P\u00f3s \u2013 Gradua\u00e7\u00e3o em Coaching Sist\u00e9mico e colabora com o Laborat\u00f3rio de Comunica\u00e7\u00e3o Humana da Escola de Terapia Familiar do Hospital de Sant Pau.<\/p>\n<p>Em 2007 regressa \u00e0 ilha e ao Centro de Terapia Familiar.<\/p>\n<p>Actualmente trabalha na Equipa de Terapia Familiar do CTFIS, co-coordena a Equipa de Integra\u00e7\u00e3o Familiar e faz parte da Direc\u00e7\u00e3o do Centro.<\/p>\n<p>\u00c9 membro efectivo da Sociedade Portuguesa de Terapia Familiar.<\/p>\n<p>Tem-se interessado pelo modelo narrativo, pela vis\u00e3o apreciativa, pelo trabalho em rede, pelo Mindfulness e mais recentemente pelo estudo da mulher e tamb\u00e9m pela express\u00e3o art\u00edstica especialmente pela dan\u00e7a, pintura e escrita.<\/p><\/div>\n","protected":false},"excerpt":{"rendered":"<p>Joana Vasconcelos Entre 1996 e 2001 estuda Psicologia na Universidade de Lisboa. Faz o est\u00e1gio final de licenciatura no Hospital de Santa Maria na Equipa de Psiquiatria, no N\u00facleo de Estudos do Suic\u00eddio e do Comportamento Alimentar. Desperta curiosidade pelas rela\u00e7\u00f5es humanas. Inicia a sua forma\u00e7\u00e3o em Terapia Familiar com a Associa\u00e7\u00e3o Portuguesa de Terapia [&hellip;]<\/p>\n","protected":false},"author":1,"featured_media":0,"parent":281,"menu_order":0,"comment_status":"closed","ping_status":"closed","template":"","meta":{"footnotes":""},"_links":{"self":[{"href":"http:\/\/ctfis-acores.org\/wordpress\/index.php?rest_route=\/wp\/v2\/pages\/290"}],"collection":[{"href":"http:\/\/ctfis-acores.org\/wordpress\/index.php?rest_route=\/wp\/v2\/pages"}],"about":[{"href":"http:\/\/ctfis-acores.org\/wordpress\/index.php?rest_route=\/wp\/v2\/types\/page"}],"author":[{"embeddable":true,"href":"http:\/\/ctfis-acores.org\/wordpress\/index.php?rest_route=\/wp\/v2\/users\/1"}],"replies":[{"embeddable":true,"href":"http:\/\/ctfis-acores.org\/wordpress\/index.php?rest_route=%2Fwp%2Fv2%2Fcomments&post=290"}],"version-history":[{"count":1,"href":"http:\/\/ctfis-acores.org\/wordpress\/index.php?rest_route=\/wp\/v2\/pages\/290\/revisions"}],"predecessor-version":[{"id":292,"href":"http:\/\/ctfis-acores.org\/wordpress\/index.php?rest_route=\/wp\/v2\/pages\/290\/revisions\/292"}],"up":[{"embeddable":true,"href":"http:\/\/ctfis-acores.org\/wordpress\/index.php?rest_route=\/wp\/v2\/pages\/281"}],"wp:attachment":[{"href":"http:\/\/ctfis-acores.org\/wordpress\/index.php?rest_route=%2Fwp%2Fv2%2Fmedia&parent=290"}],"curies":[{"name":"wp","href":"https:\/\/api.w.org\/{rel}","templated":true}]}}