{"id":139,"date":"2016-03-24T12:41:10","date_gmt":"2016-03-24T12:41:10","guid":{"rendered":"http:\/\/ctfis-acores.org\/wordpress\/?page_id=139"},"modified":"2021-08-09T16:27:36","modified_gmt":"2021-08-09T15:27:36","slug":"pef","status":"publish","type":"page","link":"http:\/\/ctfis-acores.org\/wordpress\/?page_id=139","title":{"rendered":"Ponto de Encontro Familiar"},"content":{"rendered":"\t\t<div data-elementor-type=\"wp-page\" data-elementor-id=\"139\" class=\"elementor elementor-139\">\n\t\t\t\t\t\t\t\t\t<section class=\"elementor-section elementor-top-section elementor-element elementor-element-1d60 elementor-section-boxed elementor-section-height-default elementor-section-height-default\" data-id=\"1d60\" data-element_type=\"section\">\n\t\t\t\t\t\t<div class=\"elementor-container elementor-column-gap-default\">\n\t\t\t\t\t<div class=\"elementor-column elementor-col-100 elementor-top-column elementor-element elementor-element-4909\" data-id=\"4909\" data-element_type=\"column\">\n\t\t\t<div class=\"elementor-widget-wrap elementor-element-populated\">\n\t\t\t\t\t\t\t\t<div class=\"elementor-element elementor-element-1a33 elementor-widget elementor-widget-text-editor\" data-id=\"1a33\" data-element_type=\"widget\" data-widget_type=\"text-editor.default\">\n\t\t\t\t<div class=\"elementor-widget-container\">\n\t\t\t\t\t\t\t<p style=\"text-align: justify;\"><a href=\"http:\/\/ctfis-acores.org\/wordpress\/wp-content\/uploads\/2016\/03\/1.png\"><img loading=\"lazy\" decoding=\"async\" class=\"alignleft wp-image-706\" src=\"http:\/\/ctfis-acores.org\/wordpress\/wp-content\/uploads\/2016\/03\/1-212x300.png\" alt=\"1\" width=\"312\" height=\"441\" srcset=\"http:\/\/ctfis-acores.org\/wordpress\/wp-content\/uploads\/2016\/03\/1-212x300.png 212w, http:\/\/ctfis-acores.org\/wordpress\/wp-content\/uploads\/2016\/03\/1-768x1086.png 768w, http:\/\/ctfis-acores.org\/wordpress\/wp-content\/uploads\/2016\/03\/1-724x1024.png 724w, http:\/\/ctfis-acores.org\/wordpress\/wp-content\/uploads\/2016\/03\/1.png 1588w\" sizes=\"(max-width: 312px) 100vw, 312px\" \/><\/a>O\u00a0<strong>Ponto de Encontro Familiar<\/strong>\u00a0existe desde 2008 e \u00e9 uma equipa que promove encontros entre filhos e pais e\/ou fam\u00edlia alargada, quando por diversos motivos a crian\u00e7a n\u00e3o tem contato com estes, proporcionando um espa\u00e7o neutro onde ocorrem estas visitas, salvaguardando o direito de conviverem e manterem rela\u00e7\u00f5es afetivas e garantindo a seguran\u00e7a e o bem estar da crian\u00e7a. Os casos acompanhados s\u00e3o na sua maioria situa\u00e7\u00f5es p\u00f3s-div\u00f3rcio\/separa\u00e7\u00e3o, em que existe um elevado n\u00edvel de conflito entre pais, o que, por sua vez, impede o cumprimento do regime de visitas estipulado judicialmente na Regula\u00e7\u00e3o do Exerc\u00edcio das Responsabilidades Parentais. Para al\u00e9m disso, o PEF pode intervir quando, ao incumprimento do regime de visitas, est\u00e3o associadas situa\u00e7\u00f5es de suspeitas de maus-tratos, viol\u00eancia dom\u00e9stica ou aus\u00eancia de contatos entre pais e filhos prolongada.<\/p><p style=\"text-align: justify;\">Os encontros entre pais e filhos no PEF podem adoptar duas modalidades: (1) <strong>visitas supervisionadas<\/strong>, em que um t\u00e9cnico est\u00e1 presente na sala enquanto decorre a visita e (2) <strong>monitoriza\u00e7\u00e3o de troca, <\/strong>quando a visita \u00e9 realizada no exterior, havendo acompanhamento pela equipa do PEF apenas nos momentos em que a crian\u00e7a \u00e9 \u201centregue\u201d por um progenitor ao outro.<\/p><p style=\"text-align: justify;\">Pretende-se que seja uma interven\u00e7\u00e3o tempor\u00e1ria, de forma a ajudar as fam\u00edlias a criarem condi\u00e7\u00f5es para cumprir os encontros entre filhos e pais e\/ou fam\u00edlia alargada entre si.<\/p><p style=\"text-align: justify;\"><strong>\u00a0<\/strong><\/p><hr \/><p style=\"text-align: justify;\"><strong>O nosso espa\u00e7o:<\/strong><\/p><p style=\"text-align: justify;\">\u00a0<a href=\"http:\/\/ctfis-acores.org\/wordpress\/wp-content\/uploads\/2016\/03\/IMG_2465.jpg\"><img loading=\"lazy\" decoding=\"async\" class=\"alignnone size-medium wp-image-719\" src=\"http:\/\/ctfis-acores.org\/wordpress\/wp-content\/uploads\/2016\/03\/IMG_2465-300x200.jpg\" alt=\"IMG_2465\" width=\"300\" height=\"200\" srcset=\"http:\/\/ctfis-acores.org\/wordpress\/wp-content\/uploads\/2016\/03\/IMG_2465-300x200.jpg 300w, http:\/\/ctfis-acores.org\/wordpress\/wp-content\/uploads\/2016\/03\/IMG_2465-768x512.jpg 768w, http:\/\/ctfis-acores.org\/wordpress\/wp-content\/uploads\/2016\/03\/IMG_2465-1024x683.jpg 1024w\" sizes=\"(max-width: 300px) 100vw, 300px\" \/><\/a> <a href=\"http:\/\/ctfis-acores.org\/wordpress\/wp-content\/uploads\/2016\/03\/22366260_1315863191857389_6962069320871171261_n.jpg\"><img loading=\"lazy\" decoding=\"async\" class=\"alignnone size-medium wp-image-720\" src=\"http:\/\/ctfis-acores.org\/wordpress\/wp-content\/uploads\/2016\/03\/22366260_1315863191857389_6962069320871171261_n-169x300.jpg\" alt=\"22366260_1315863191857389_6962069320871171261_n\" width=\"169\" height=\"300\" srcset=\"http:\/\/ctfis-acores.org\/wordpress\/wp-content\/uploads\/2016\/03\/22366260_1315863191857389_6962069320871171261_n-169x300.jpg 169w, http:\/\/ctfis-acores.org\/wordpress\/wp-content\/uploads\/2016\/03\/22366260_1315863191857389_6962069320871171261_n.jpg 540w\" sizes=\"(max-width: 169px) 100vw, 169px\" \/><\/a> <a href=\"http:\/\/ctfis-acores.org\/wordpress\/wp-content\/uploads\/2016\/03\/22366815_1315042445272797_2962914757740977648_n.jpg\"><img loading=\"lazy\" decoding=\"async\" class=\"alignnone size-medium wp-image-721\" src=\"http:\/\/ctfis-acores.org\/wordpress\/wp-content\/uploads\/2016\/03\/22366815_1315042445272797_2962914757740977648_n-169x300.jpg\" alt=\"22366815_1315042445272797_2962914757740977648_n\" width=\"169\" height=\"300\" srcset=\"http:\/\/ctfis-acores.org\/wordpress\/wp-content\/uploads\/2016\/03\/22366815_1315042445272797_2962914757740977648_n-169x300.jpg 169w, http:\/\/ctfis-acores.org\/wordpress\/wp-content\/uploads\/2016\/03\/22366815_1315042445272797_2962914757740977648_n.jpg 540w\" sizes=\"(max-width: 169px) 100vw, 169px\" \/><\/a><\/p><hr \/><p style=\"text-align: justify;\"><strong>A nossa Equipa:<\/strong><\/p><p style=\"text-align: justify;\">\u00a0 \u00a0 \u00a0 \u00a0\u00a0<\/p>\t\t\t\t\t\t<\/div>\n\t\t\t\t<\/div>\n\t\t\t\t\t<\/div>\n\t\t<\/div>\n\t\t\t\t\t\t\t<\/div>\n\t\t<\/section>\n\t\t\t\t<section class=\"elementor-section elementor-top-section elementor-element elementor-element-0d54383 elementor-section-boxed elementor-section-height-default elementor-section-height-default\" data-id=\"0d54383\" data-element_type=\"section\">\n\t\t\t\t\t\t<div class=\"elementor-container elementor-column-gap-default\">\n\t\t\t\t\t<div class=\"elementor-column elementor-col-100 elementor-top-column elementor-element elementor-element-e9a3d82\" data-id=\"e9a3d82\" data-element_type=\"column\">\n\t\t\t<div class=\"elementor-widget-wrap elementor-element-populated\">\n\t\t\t\t\t\t\t\t<div class=\"elementor-element elementor-element-09aefbd elementor-position-top elementor-vertical-align-top elementor-widget elementor-widget-image-box\" data-id=\"09aefbd\" data-element_type=\"widget\" data-widget_type=\"image-box.default\">\n\t\t\t\t<div class=\"elementor-widget-container\">\n\t\t\t<div class=\"elementor-image-box-wrapper\"><figure class=\"elementor-image-box-img\"><a href=\"http:\/\/ctfis-acores.org\/wordpress\/?page_id=732\"><img loading=\"lazy\" decoding=\"async\" width=\"214\" height=\"300\" src=\"http:\/\/ctfis-acores.org\/wordpress\/wp-content\/uploads\/2018\/02\/14a-214x300.jpg\" class=\"attachment-medium size-medium\" alt=\"\" \/><\/a><\/figure><div class=\"elementor-image-box-content\"><p class=\"elementor-image-box-description\">Natividad Mellado<\/p><\/div><\/div>\t\t<\/div>\n\t\t\t\t<\/div>\n\t\t\t\t\t<\/div>\n\t\t<\/div>\n\t\t\t\t\t\t\t<\/div>\n\t\t<\/section>\n\t\t\t\t<section class=\"elementor-section elementor-top-section elementor-element elementor-element-afecb37 elementor-section-boxed elementor-section-height-default elementor-section-height-default\" data-id=\"afecb37\" data-element_type=\"section\">\n\t\t\t\t\t\t<div class=\"elementor-container elementor-column-gap-default\">\n\t\t\t\t\t<div class=\"elementor-column elementor-col-100 elementor-top-column elementor-element elementor-element-51efb13\" data-id=\"51efb13\" data-element_type=\"column\">\n\t\t\t<div class=\"elementor-widget-wrap elementor-element-populated\">\n\t\t\t\t\t\t\t\t<div class=\"elementor-element elementor-element-c016947 elementor-position-top elementor-vertical-align-top elementor-widget elementor-widget-image-box\" data-id=\"c016947\" data-element_type=\"widget\" data-widget_type=\"image-box.default\">\n\t\t\t\t<div class=\"elementor-widget-container\">\n\t\t\t<div class=\"elementor-image-box-wrapper\"><figure class=\"elementor-image-box-img\"><a href=\"http:\/\/ctfis-acores.org\/wordpress\/?page_id=994\"><img loading=\"lazy\" decoding=\"async\" width=\"224\" height=\"300\" src=\"http:\/\/ctfis-acores.org\/wordpress\/wp-content\/uploads\/2021\/07\/Foto-CV-224x300.jpg\" class=\"attachment-medium size-medium\" alt=\"\" \/><\/a><\/figure><div class=\"elementor-image-box-content\"><p class=\"elementor-image-box-description\">Ana Sofia Andrade<\/p><\/div><\/div>\t\t<\/div>\n\t\t\t\t<\/div>\n\t\t\t\t\t<\/div>\n\t\t<\/div>\n\t\t\t\t\t\t\t<\/div>\n\t\t<\/section>\n\t\t\t\t<section class=\"elementor-section elementor-top-section elementor-element elementor-element-ea1928f elementor-section-boxed elementor-section-height-default elementor-section-height-default\" data-id=\"ea1928f\" data-element_type=\"section\">\n\t\t\t\t\t\t<div class=\"elementor-container elementor-column-gap-default\">\n\t\t\t\t\t<div class=\"elementor-column elementor-col-100 elementor-top-column elementor-element elementor-element-9cf26a0\" data-id=\"9cf26a0\" data-element_type=\"column\">\n\t\t\t<div class=\"elementor-widget-wrap elementor-element-populated\">\n\t\t\t\t\t\t\t\t<div class=\"elementor-element elementor-element-3fba329 elementor-position-top elementor-vertical-align-top elementor-widget elementor-widget-image-box\" data-id=\"3fba329\" data-element_type=\"widget\" data-widget_type=\"image-box.default\">\n\t\t\t\t<div class=\"elementor-widget-container\">\n\t\t\t<div class=\"elementor-image-box-wrapper\"><figure class=\"elementor-image-box-img\"><a href=\"http:\/\/ctfis-acores.org\/wordpress\/?page_id=1000\"><img loading=\"lazy\" decoding=\"async\" width=\"300\" height=\"300\" src=\"http:\/\/ctfis-acores.org\/wordpress\/wp-content\/uploads\/2021\/07\/29432973_1188496564621037_3204135603855687680_n-300x300.jpg\" class=\"attachment-medium size-medium\" alt=\"\" \/><\/a><\/figure><div class=\"elementor-image-box-content\"><p class=\"elementor-image-box-description\">T\u00e2nia Andrade<\/p><\/div><\/div>\t\t<\/div>\n\t\t\t\t<\/div>\n\t\t\t\t\t<\/div>\n\t\t<\/div>\n\t\t\t\t\t\t\t<\/div>\n\t\t<\/section>\n\t\t\t\t\t\t\t<\/div>\n\t\t","protected":false},"excerpt":{"rendered":"<p>O\u00a0Ponto de Encontro Familiar\u00a0existe desde 2008 e \u00e9 uma equipa que promove encontros entre filhos e pais e\/ou fam\u00edlia alargada, quando por diversos motivos a crian\u00e7a n\u00e3o tem contato com estes, proporcionando um espa\u00e7o neutro onde ocorrem estas visitas, salvaguardando o direito de conviverem e manterem rela\u00e7\u00f5es afetivas e garantindo a seguran\u00e7a e o bem [&hellip;]<\/p>\n","protected":false},"author":1,"featured_media":0,"parent":0,"menu_order":0,"comment_status":"closed","ping_status":"closed","template":"","meta":{"footnotes":""},"_links":{"self":[{"href":"http:\/\/ctfis-acores.org\/wordpress\/index.php?rest_route=\/wp\/v2\/pages\/139"}],"collection":[{"href":"http:\/\/ctfis-acores.org\/wordpress\/index.php?rest_route=\/wp\/v2\/pages"}],"about":[{"href":"http:\/\/ctfis-acores.org\/wordpress\/index.php?rest_route=\/wp\/v2\/types\/page"}],"author":[{"embeddable":true,"href":"http:\/\/ctfis-acores.org\/wordpress\/index.php?rest_route=\/wp\/v2\/users\/1"}],"replies":[{"embeddable":true,"href":"http:\/\/ctfis-acores.org\/wordpress\/index.php?rest_route=%2Fwp%2Fv2%2Fcomments&post=139"}],"version-history":[{"count":21,"href":"http:\/\/ctfis-acores.org\/wordpress\/index.php?rest_route=\/wp\/v2\/pages\/139\/revisions"}],"predecessor-version":[{"id":1078,"href":"http:\/\/ctfis-acores.org\/wordpress\/index.php?rest_route=\/wp\/v2\/pages\/139\/revisions\/1078"}],"wp:attachment":[{"href":"http:\/\/ctfis-acores.org\/wordpress\/index.php?rest_route=%2Fwp%2Fv2%2Fmedia&parent=139"}],"curies":[{"name":"wp","href":"https:\/\/api.w.org\/{rel}","templated":true}]}}