{"id":1006,"date":"2021-07-06T10:04:20","date_gmt":"2021-07-06T09:04:20","guid":{"rendered":"http:\/\/ctfis-acores.org\/wordpress\/?page_id=1006"},"modified":"2021-07-06T10:05:02","modified_gmt":"2021-07-06T09:05:02","slug":"beatriz-baptista","status":"publish","type":"page","link":"http:\/\/ctfis-acores.org\/wordpress\/?page_id=1006","title":{"rendered":"Beatriz Baptista"},"content":{"rendered":"\t\t<div data-elementor-type=\"wp-page\" data-elementor-id=\"1006\" class=\"elementor elementor-1006\">\n\t\t\t\t\t\t\t\t\t<section class=\"elementor-section elementor-top-section elementor-element elementor-element-48ecb64 elementor-section-boxed elementor-section-height-default elementor-section-height-default\" data-id=\"48ecb64\" data-element_type=\"section\">\n\t\t\t\t\t\t<div class=\"elementor-container elementor-column-gap-default\">\n\t\t\t\t\t<div class=\"elementor-column elementor-col-100 elementor-top-column elementor-element elementor-element-f3532e2\" data-id=\"f3532e2\" data-element_type=\"column\">\n\t\t\t<div class=\"elementor-widget-wrap elementor-element-populated\">\n\t\t\t\t\t\t\t\t<div class=\"elementor-element elementor-element-9c29924 elementor-widget elementor-widget-image\" data-id=\"9c29924\" data-element_type=\"widget\" data-widget_type=\"image.default\">\n\t\t\t\t<div class=\"elementor-widget-container\">\n\t\t\t\t\t\t\t\t\t\t\t\t\t\t\t<img loading=\"lazy\" decoding=\"async\" width=\"200\" height=\"300\" src=\"http:\/\/ctfis-acores.org\/wordpress\/wp-content\/uploads\/2021\/07\/IMG-20201110-WA0005-200x300.jpg\" class=\"attachment-medium size-medium\" alt=\"\" srcset=\"http:\/\/ctfis-acores.org\/wordpress\/wp-content\/uploads\/2021\/07\/IMG-20201110-WA0005-200x300.jpg 200w, http:\/\/ctfis-acores.org\/wordpress\/wp-content\/uploads\/2021\/07\/IMG-20201110-WA0005.jpg 683w\" sizes=\"(max-width: 200px) 100vw, 200px\" \/>\t\t\t\t\t\t\t\t\t\t\t\t\t\t\t<\/div>\n\t\t\t\t<\/div>\n\t\t\t\t\t<\/div>\n\t\t<\/div>\n\t\t\t\t\t\t\t<\/div>\n\t\t<\/section>\n\t\t\t\t<section class=\"elementor-section elementor-top-section elementor-element elementor-element-7bf6 elementor-section-boxed elementor-section-height-default elementor-section-height-default\" data-id=\"7bf6\" data-element_type=\"section\">\n\t\t\t\t\t\t<div class=\"elementor-container elementor-column-gap-default\">\n\t\t\t\t\t<div class=\"elementor-column elementor-col-100 elementor-top-column elementor-element elementor-element-5ba\" data-id=\"5ba\" data-element_type=\"column\">\n\t\t\t<div class=\"elementor-widget-wrap elementor-element-populated\">\n\t\t\t\t\t\t\t\t<div class=\"elementor-element elementor-element-1afb elementor-widget elementor-widget-text-editor\" data-id=\"1afb\" data-element_type=\"widget\" data-widget_type=\"text-editor.default\">\n\t\t\t\t<div class=\"elementor-widget-container\">\n\t\t\t\t\t\t\t<!-- wp:paragraph -->\n<p>Natural de Coimbra, \u00e9 Psic\u00f3loga Cl\u00ednica e da Sa\u00fade com subespecializa\u00e7\u00e3o em Psicologia Forense pela Universidade de Coimbra. Em Coimbra fez est\u00e1gio da OPP e colaborou com a Universidade de Coimbra, na \u00e1rea da assessoria t\u00e9cnica ao Tribunal nas \u00e1reas de Regula\u00e7\u00e3o das Responsabilidades Parentais, Promo\u00e7\u00e3o e Prote\u00e7\u00e3o de Crian\u00e7as e Avalia\u00e7\u00e3o Neuropsicol\u00f3gica.<\/p>\n<!-- \/wp:paragraph -->\n\n<!-- wp:paragraph -->\n<p>\u00c9 t\u00e9cnica de apoio \u00e0 v\u00edtima pela APAV, institui\u00e7\u00e3o onde realizou voluntariado entre 2015 e 2017, ainda em Coimbra. Formadora Certificada<\/p>\n<!-- \/wp:paragraph -->\n\n<!-- wp:paragraph -->\n<p>Iniciou as suas fun\u00e7\u00f5es no Centro de Terapia Familiar e Interven\u00e7\u00e3o Sist\u00e9mica em janeiro de 2019, na Equipa de Terapia Familiar, e tem vindo a desenvolver um intenso e crescente interesse pela \u00e1rea de interven\u00e7\u00e3o psicol\u00f3gica junto de v\u00edtimas de crimes de abuso sexual.<\/p>\n<!-- \/wp:paragraph -->\t\t\t\t\t\t<\/div>\n\t\t\t\t<\/div>\n\t\t\t\t\t<\/div>\n\t\t<\/div>\n\t\t\t\t\t\t\t<\/div>\n\t\t<\/section>\n\t\t\t\t\t\t\t<\/div>\n\t\t","protected":false},"excerpt":{"rendered":"<p>Natural de Coimbra, \u00e9 Psic\u00f3loga Cl\u00ednica e da Sa\u00fade com subespecializa\u00e7\u00e3o em Psicologia Forense pela Universidade de Coimbra. Em Coimbra fez est\u00e1gio da OPP e colaborou com a Universidade de Coimbra, na \u00e1rea da assessoria t\u00e9cnica ao Tribunal nas \u00e1reas de Regula\u00e7\u00e3o das Responsabilidades Parentais, Promo\u00e7\u00e3o e Prote\u00e7\u00e3o de Crian\u00e7as e Avalia\u00e7\u00e3o Neuropsicol\u00f3gica. \u00c9 t\u00e9cnica [&hellip;]<\/p>\n","protected":false},"author":3,"featured_media":0,"parent":0,"menu_order":0,"comment_status":"closed","ping_status":"closed","template":"","meta":{"footnotes":""},"_links":{"self":[{"href":"http:\/\/ctfis-acores.org\/wordpress\/index.php?rest_route=\/wp\/v2\/pages\/1006"}],"collection":[{"href":"http:\/\/ctfis-acores.org\/wordpress\/index.php?rest_route=\/wp\/v2\/pages"}],"about":[{"href":"http:\/\/ctfis-acores.org\/wordpress\/index.php?rest_route=\/wp\/v2\/types\/page"}],"author":[{"embeddable":true,"href":"http:\/\/ctfis-acores.org\/wordpress\/index.php?rest_route=\/wp\/v2\/users\/3"}],"replies":[{"embeddable":true,"href":"http:\/\/ctfis-acores.org\/wordpress\/index.php?rest_route=%2Fwp%2Fv2%2Fcomments&post=1006"}],"version-history":[{"count":4,"href":"http:\/\/ctfis-acores.org\/wordpress\/index.php?rest_route=\/wp\/v2\/pages\/1006\/revisions"}],"predecessor-version":[{"id":1011,"href":"http:\/\/ctfis-acores.org\/wordpress\/index.php?rest_route=\/wp\/v2\/pages\/1006\/revisions\/1011"}],"wp:attachment":[{"href":"http:\/\/ctfis-acores.org\/wordpress\/index.php?rest_route=%2Fwp%2Fv2%2Fmedia&parent=1006"}],"curies":[{"name":"wp","href":"https:\/\/api.w.org\/{rel}","templated":true}]}}