{"id":1000,"date":"2021-07-06T10:00:55","date_gmt":"2021-07-06T09:00:55","guid":{"rendered":"http:\/\/ctfis-acores.org\/wordpress\/?page_id=1000"},"modified":"2021-07-06T10:02:35","modified_gmt":"2021-07-06T09:02:35","slug":"tania-andrade","status":"publish","type":"page","link":"http:\/\/ctfis-acores.org\/wordpress\/?page_id=1000","title":{"rendered":"T\u00e2nia Andrade"},"content":{"rendered":"\t\t<div data-elementor-type=\"wp-page\" data-elementor-id=\"1000\" class=\"elementor elementor-1000\">\n\t\t\t\t\t\t\t\t\t<section class=\"elementor-section elementor-top-section elementor-element elementor-element-e018058 elementor-section-boxed elementor-section-height-default elementor-section-height-default\" data-id=\"e018058\" data-element_type=\"section\">\n\t\t\t\t\t\t<div class=\"elementor-container elementor-column-gap-default\">\n\t\t\t\t\t<div class=\"elementor-column elementor-col-100 elementor-top-column elementor-element elementor-element-9c816ed\" data-id=\"9c816ed\" data-element_type=\"column\">\n\t\t\t<div class=\"elementor-widget-wrap elementor-element-populated\">\n\t\t\t\t\t\t\t\t<div class=\"elementor-element elementor-element-f0cea11 elementor-widget elementor-widget-image\" data-id=\"f0cea11\" data-element_type=\"widget\" data-widget_type=\"image.default\">\n\t\t\t\t<div class=\"elementor-widget-container\">\n\t\t\t\t\t\t\t\t\t\t\t\t\t\t\t<img loading=\"lazy\" decoding=\"async\" width=\"300\" height=\"300\" src=\"http:\/\/ctfis-acores.org\/wordpress\/wp-content\/uploads\/2021\/07\/29432973_1188496564621037_3204135603855687680_n-300x300.jpg\" class=\"attachment-medium size-medium\" alt=\"\" srcset=\"http:\/\/ctfis-acores.org\/wordpress\/wp-content\/uploads\/2021\/07\/29432973_1188496564621037_3204135603855687680_n-300x300.jpg 300w, http:\/\/ctfis-acores.org\/wordpress\/wp-content\/uploads\/2021\/07\/29432973_1188496564621037_3204135603855687680_n-1024x1024.jpg 1024w, http:\/\/ctfis-acores.org\/wordpress\/wp-content\/uploads\/2021\/07\/29432973_1188496564621037_3204135603855687680_n-150x150.jpg 150w, http:\/\/ctfis-acores.org\/wordpress\/wp-content\/uploads\/2021\/07\/29432973_1188496564621037_3204135603855687680_n-768x767.jpg 768w, http:\/\/ctfis-acores.org\/wordpress\/wp-content\/uploads\/2021\/07\/29432973_1188496564621037_3204135603855687680_n.jpg 1440w\" sizes=\"(max-width: 300px) 100vw, 300px\" \/>\t\t\t\t\t\t\t\t\t\t\t\t\t\t\t<\/div>\n\t\t\t\t<\/div>\n\t\t\t\t\t<\/div>\n\t\t<\/div>\n\t\t\t\t\t\t\t<\/div>\n\t\t<\/section>\n\t\t\t\t<section class=\"elementor-section elementor-top-section elementor-element elementor-element-5c48 elementor-section-boxed elementor-section-height-default elementor-section-height-default\" data-id=\"5c48\" data-element_type=\"section\">\n\t\t\t\t\t\t<div class=\"elementor-container elementor-column-gap-default\">\n\t\t\t\t\t<div class=\"elementor-column elementor-col-100 elementor-top-column elementor-element elementor-element-631e\" data-id=\"631e\" data-element_type=\"column\">\n\t\t\t<div class=\"elementor-widget-wrap elementor-element-populated\">\n\t\t\t\t\t\t\t\t<div class=\"elementor-element elementor-element-240d elementor-widget elementor-widget-text-editor\" data-id=\"240d\" data-element_type=\"widget\" data-widget_type=\"text-editor.default\">\n\t\t\t\t<div class=\"elementor-widget-container\">\n\t\t\t\t\t\t\t<!-- wp:paragraph -->\n<p>Em 2008, ingressou na Universidade dos A\u00e7ores, na licenciatura em Psicologia. Frequentou, em 2011, o mestrado em Psicologia Cl\u00ednica e da Sa\u00fade, na Faculdade de Filosofia da Universidade Cat\u00f3lica de Braga, onde realizou o seu est\u00e1gio curricular no Centro de Solidariedade de Braga &#8211; Comunidade Terap\u00eautica Projecto Homem.<\/p>\n<!-- \/wp:paragraph -->\n\n<!-- wp:paragraph -->\n<p>Em 2015, atualizou os seus estudos com a P\u00f3s-Gradua\u00e7\u00e3o em Terapias Cognitivo-Comportamentais: Avalia\u00e7\u00e3o e Interven\u00e7\u00e3o.<\/p>\n<!-- \/wp:paragraph -->\n\n<!-- wp:paragraph -->\n<p>Em 2016, realizou o est\u00e1gio profissional para a Ordem dos Psic\u00f3logos Portugueses (OPP), no Centro de Terapia Familiar e Interven\u00e7\u00e3o Sist\u00e9mica (CTFIS), na Equipa do Ponto de Encontro Familiar (PEF), sendo membro efetivo da OPP. No mesmo ano, cumpriu o Programa Estagiar L na Escola B\u00e1sica Integrada de Rabo de Peixe, no Servi\u00e7o de Psicologia e Orienta\u00e7\u00e3o, agregando o projeto Trajeto Seguro.<\/p>\n<!-- \/wp:paragraph -->\n\n<!-- wp:paragraph -->\n<p>Em 2018, inicia a sua atividade profissional como T\u00e9cnica do PEF, no CTFIS, onde se encontra a exercer at\u00e9 \u00e0 presente data.&nbsp;<\/p>\n<!-- \/wp:paragraph -->\n\n<!-- wp:paragraph -->\n<p>Atualmente encontra-se a frequentar o Curso de Forma\u00e7\u00e3o em Interven\u00e7\u00e3o Sist\u00e9mica Familiar, ministrada pela Sociedade Portuguesa de Terapia Familiar, em parceria com o CTFIS.<\/p>\n<!-- \/wp:paragraph -->\t\t\t\t\t\t<\/div>\n\t\t\t\t<\/div>\n\t\t\t\t\t<\/div>\n\t\t<\/div>\n\t\t\t\t\t\t\t<\/div>\n\t\t<\/section>\n\t\t\t\t\t\t\t<\/div>\n\t\t","protected":false},"excerpt":{"rendered":"<p>Em 2008, ingressou na Universidade dos A\u00e7ores, na licenciatura em Psicologia. Frequentou, em 2011, o mestrado em Psicologia Cl\u00ednica e da Sa\u00fade, na Faculdade de Filosofia da Universidade Cat\u00f3lica de Braga, onde realizou o seu est\u00e1gio curricular no Centro de Solidariedade de Braga &#8211; Comunidade Terap\u00eautica Projecto Homem. Em 2015, atualizou os seus estudos com [&hellip;]<\/p>\n","protected":false},"author":3,"featured_media":0,"parent":0,"menu_order":0,"comment_status":"closed","ping_status":"closed","template":"","meta":{"footnotes":""},"_links":{"self":[{"href":"http:\/\/ctfis-acores.org\/wordpress\/index.php?rest_route=\/wp\/v2\/pages\/1000"}],"collection":[{"href":"http:\/\/ctfis-acores.org\/wordpress\/index.php?rest_route=\/wp\/v2\/pages"}],"about":[{"href":"http:\/\/ctfis-acores.org\/wordpress\/index.php?rest_route=\/wp\/v2\/types\/page"}],"author":[{"embeddable":true,"href":"http:\/\/ctfis-acores.org\/wordpress\/index.php?rest_route=\/wp\/v2\/users\/3"}],"replies":[{"embeddable":true,"href":"http:\/\/ctfis-acores.org\/wordpress\/index.php?rest_route=%2Fwp%2Fv2%2Fcomments&post=1000"}],"version-history":[{"count":4,"href":"http:\/\/ctfis-acores.org\/wordpress\/index.php?rest_route=\/wp\/v2\/pages\/1000\/revisions"}],"predecessor-version":[{"id":1005,"href":"http:\/\/ctfis-acores.org\/wordpress\/index.php?rest_route=\/wp\/v2\/pages\/1000\/revisions\/1005"}],"wp:attachment":[{"href":"http:\/\/ctfis-acores.org\/wordpress\/index.php?rest_route=%2Fwp%2Fv2%2Fmedia&parent=1000"}],"curies":[{"name":"wp","href":"https:\/\/api.w.org\/{rel}","templated":true}]}}